{"id":981,"date":"2022-01-19T14:20:41","date_gmt":"2022-01-19T14:20:41","guid":{"rendered":"https:\/\/ecopro.vdisain.dev\/management-systems\/"},"modified":"2024-04-15T16:58:51","modified_gmt":"2024-04-15T13:58:51","slug":"management-systems","status":"publish","type":"page","link":"https:\/\/ecopro.ee\/en\/management-systems\/","title":{"rendered":"Management systems"},"content":{"rendered":"\t\t<div data-elementor-type=\"wp-page\" data-elementor-id=\"981\" class=\"elementor elementor-981 elementor-29\" data-elementor-post-type=\"page\">\n\t\t\t\t\t\t\t\t\t<section class=\"elementor-section elementor-top-section elementor-element elementor-element-12b02a91 elementor-section-boxed elementor-section-height-default elementor-section-height-default\" data-id=\"12b02a91\" data-element_type=\"section\" data-settings=\"{&quot;background_background&quot;:&quot;classic&quot;}\">\n\t\t\t\t\t\t\t<div class=\"elementor-background-overlay\"><\/div>\n\t\t\t\t\t\t\t<div class=\"elementor-container elementor-column-gap-default\">\n\t\t\t\t\t<div class=\"elementor-column elementor-col-100 elementor-top-column elementor-element elementor-element-13a95c44\" data-id=\"13a95c44\" data-element_type=\"column\">\n\t\t\t<div class=\"elementor-widget-wrap elementor-element-populated\">\n\t\t\t\t\t\t\t\t<div class=\"elementor-element elementor-element-7fcdb3d4 elementor-widget elementor-widget-heading\" data-id=\"7fcdb3d4\" data-element_type=\"widget\" data-widget_type=\"heading.default\">\n\t\t\t\t<div class=\"elementor-widget-container\">\n\t\t\t<h2 class=\"elementor-heading-title elementor-size-default\">Management systems<\/h2>\t\t<\/div>\n\t\t\t\t<\/div>\n\t\t\t\t\t<\/div>\n\t\t<\/div>\n\t\t\t\t\t\t\t<\/div>\n\t\t<\/section>\n\t\t\t\t<section class=\"elementor-section elementor-top-section elementor-element elementor-element-5b3c8b63 elementor-section-boxed elementor-section-height-default elementor-section-height-default\" data-id=\"5b3c8b63\" data-element_type=\"section\">\n\t\t\t\t\t\t<div class=\"elementor-container elementor-column-gap-no\">\n\t\t\t\t\t<div class=\"elementor-column elementor-col-100 elementor-top-column elementor-element elementor-element-662fe85b\" data-id=\"662fe85b\" data-element_type=\"column\">\n\t\t\t<div class=\"elementor-widget-wrap elementor-element-populated\">\n\t\t\t\t\t\t\t\t<section class=\"elementor-section elementor-inner-section elementor-element elementor-element-510d02eb elementor-section-boxed elementor-section-height-default elementor-section-height-default\" data-id=\"510d02eb\" data-element_type=\"section\">\n\t\t\t\t\t\t<div class=\"elementor-container elementor-column-gap-no\">\n\t\t\t\t\t<div class=\"elementor-column elementor-col-100 elementor-inner-column elementor-element elementor-element-28931d11\" data-id=\"28931d11\" data-element_type=\"column\">\n\t\t\t<div class=\"elementor-widget-wrap elementor-element-populated\">\n\t\t\t\t\t\t\t\t<div class=\"elementor-element elementor-element-75a305b5 elementor-widget elementor-widget-heading\" data-id=\"75a305b5\" data-element_type=\"widget\" data-widget_type=\"heading.default\">\n\t\t\t\t<div class=\"elementor-widget-container\">\n\t\t\t<h2 class=\"elementor-heading-title elementor-size-default\">AS EcoPro Management systems<\/h2>\t\t<\/div>\n\t\t\t\t<\/div>\n\t\t\t\t\t<\/div>\n\t\t<\/div>\n\t\t\t\t\t\t\t<\/div>\n\t\t<\/section>\n\t\t\t\t\t<\/div>\n\t\t<\/div>\n\t\t\t\t\t\t\t<\/div>\n\t\t<\/section>\n\t\t\t\t<section class=\"elementor-section elementor-top-section elementor-element elementor-element-36ecaf5 elementor-section-boxed elementor-section-height-default elementor-section-height-default\" data-id=\"36ecaf5\" data-element_type=\"section\">\n\t\t\t\t\t\t<div class=\"elementor-container elementor-column-gap-no\">\n\t\t\t\t\t<div class=\"elementor-column elementor-col-100 elementor-top-column elementor-element elementor-element-199b1453\" data-id=\"199b1453\" data-element_type=\"column\">\n\t\t\t<div class=\"elementor-widget-wrap elementor-element-populated\">\n\t\t\t\t\t\t\t\t<section class=\"elementor-section elementor-inner-section elementor-element elementor-element-1e78f139 elementor-section-boxed elementor-section-height-default elementor-section-height-default\" data-id=\"1e78f139\" data-element_type=\"section\">\n\t\t\t\t\t\t<div class=\"elementor-container elementor-column-gap-no\">\n\t\t\t\t\t<div class=\"elementor-column elementor-col-100 elementor-inner-column elementor-element elementor-element-72d5f3ee\" data-id=\"72d5f3ee\" data-element_type=\"column\">\n\t\t\t<div class=\"elementor-widget-wrap elementor-element-populated\">\n\t\t\t\t\t\t\t\t<div class=\"elementor-element elementor-element-295dddae elementor-widget elementor-widget-text-editor\" data-id=\"295dddae\" data-element_type=\"widget\" data-widget_type=\"text-editor.default\">\n\t\t\t\t<div class=\"elementor-widget-container\">\n\t\t\t\t\t\t\t<p>The goal of AS EcoPro is to be a customer-oriented, environmentally friendly and innovative company in the field of hazardous waste management.<\/p>\n<ul>\n<li>Improve and protect the environment through its activities;<\/li>\n<li>Comply with compliance obligations arising from laws and other regulatory enactments;<\/li>\n<li>Systematically improve the company&#8217;s management system;<\/li>\n<li>Improve environmental performance, operate in accordance with the principles of sustainable development in waste management<\/li>\n<li>Ensure customer satisfaction and reliability with stakeholders<\/li>\n<li>Raise the environmental awareness of the company&#8217;s employees by involving them.<\/li>\n<\/ul>\n<p>The quality and environmental objectives of EcoPro AS services for the implementation of the Policy are the following:<\/p>\n<ul>\n<li>maintaining management policies in place;<\/li>\n<li>maintaining and, where possible, increasing its established market share;<\/li>\n<li>timely fulfillment of all customer orders, ensuring the correct exchange of information and the provision of compliant services;<\/li>\n<li>prevention and exclusion of non-compliant waste management services;<\/li>\n<li>sustainable use of all resources (materials, fuel, energy, water);<\/li>\n<li>use of the best available technology in waste management;<\/li>\n<li>the use of qualified and knowledgeable subcontractors and suppliers in contractual relations;<\/li>\n<li>ensuring the necessary training and continuous training of employees;<\/li>\n<li>continuous analysis of significant environmental aspects and reduction of environmental impact.<\/li>\n<\/ul>\n\t\t\t\t\t\t<\/div>\n\t\t\t\t<\/div>\n\t\t\t\t\t<\/div>\n\t\t<\/div>\n\t\t\t\t\t\t\t<\/div>\n\t\t<\/section>\n\t\t\t\t\t<\/div>\n\t\t<\/div>\n\t\t\t\t\t\t\t<\/div>\n\t\t<\/section>\n\t\t\t\t<section class=\"elementor-section elementor-top-section elementor-element elementor-element-5fe85591 elementor-section-boxed elementor-section-height-default elementor-section-height-default\" data-id=\"5fe85591\" data-element_type=\"section\">\n\t\t\t\t\t\t<div class=\"elementor-container elementor-column-gap-no\">\n\t\t\t\t\t<div class=\"elementor-column elementor-col-100 elementor-top-column elementor-element elementor-element-5dbb194e\" data-id=\"5dbb194e\" data-element_type=\"column\">\n\t\t\t<div class=\"elementor-widget-wrap elementor-element-populated\">\n\t\t\t\t\t\t\t\t<section class=\"elementor-section elementor-inner-section elementor-element elementor-element-27282517 elementor-section-boxed elementor-section-height-default elementor-section-height-default\" data-id=\"27282517\" data-element_type=\"section\">\n\t\t\t\t\t\t<div class=\"elementor-container elementor-column-gap-no\">\n\t\t\t\t\t<div class=\"elementor-column elementor-col-100 elementor-inner-column elementor-element elementor-element-7f53ce4f\" data-id=\"7f53ce4f\" data-element_type=\"column\">\n\t\t\t<div class=\"elementor-widget-wrap elementor-element-populated\">\n\t\t\t\t\t\t\t\t<div class=\"elementor-element elementor-element-7d013fa6 elementor-widget elementor-widget-heading\" data-id=\"7d013fa6\" data-element_type=\"widget\" data-widget_type=\"heading.default\">\n\t\t\t\t<div class=\"elementor-widget-container\">\n\t\t\t<h2 class=\"elementor-heading-title elementor-size-default\">- ISO 9001, ISO 14001, EMAS<\/h2>\t\t<\/div>\n\t\t\t\t<\/div>\n\t\t\t\t<div class=\"elementor-element elementor-element-63df9e0d elementor-widget elementor-widget-heading\" data-id=\"63df9e0d\" data-element_type=\"widget\" data-widget_type=\"heading.default\">\n\t\t\t\t<div class=\"elementor-widget-container\">\n\t\t\t<h2 class=\"elementor-heading-title elementor-size-default\">ISO 9001, ISO 14001, EMAS<\/h2>\t\t<\/div>\n\t\t\t\t<\/div>\n\t\t\t\t\t<\/div>\n\t\t<\/div>\n\t\t\t\t\t\t\t<\/div>\n\t\t<\/section>\n\t\t\t\t\t<\/div>\n\t\t<\/div>\n\t\t\t\t\t\t\t<\/div>\n\t\t<\/section>\n\t\t\t\t<section class=\"elementor-section elementor-top-section elementor-element elementor-element-4c50b1e0 elementor-section-boxed elementor-section-height-default elementor-section-height-default\" data-id=\"4c50b1e0\" data-element_type=\"section\">\n\t\t\t\t\t\t<div class=\"elementor-container elementor-column-gap-default\">\n\t\t\t\t\t<div class=\"elementor-column elementor-col-100 elementor-top-column elementor-element elementor-element-2d982446\" data-id=\"2d982446\" data-element_type=\"column\">\n\t\t\t<div class=\"elementor-widget-wrap elementor-element-populated\">\n\t\t\t\t\t\t\t\t<div class=\"elementor-element elementor-element-3707a143 elementor-widget elementor-widget-text-editor\" data-id=\"3707a143\" data-element_type=\"widget\" data-widget_type=\"text-editor.default\">\n\t\t\t\t<div class=\"elementor-widget-container\">\n\t\t\t\t\t\t\t<p>The main goal of the management system is to find out the customer&#8217;s wishes and expectations<br \/> exact performance, compliance of the work with the established standards, norms, terms of the contract and the client&#8217;s expectations.<\/p>\n\t\t\t\t\t\t<\/div>\n\t\t\t\t<\/div>\n\t\t\t\t\t<\/div>\n\t\t<\/div>\n\t\t\t\t\t\t\t<\/div>\n\t\t<\/section>\n\t\t\t\t<section class=\"elementor-section elementor-top-section elementor-element elementor-element-7c06495 elementor-section-boxed elementor-section-height-default elementor-section-height-default\" data-id=\"7c06495\" data-element_type=\"section\">\n\t\t\t\t\t\t<div class=\"elementor-container elementor-column-gap-default\">\n\t\t\t\t\t<div class=\"elementor-column elementor-col-100 elementor-top-column elementor-element elementor-element-700ed54\" data-id=\"700ed54\" data-element_type=\"column\">\n\t\t\t<div class=\"elementor-widget-wrap elementor-element-populated\">\n\t\t\t\t\t\t\t\t<div class=\"elementor-element elementor-element-b3e5325 elementor-widget elementor-widget-spacer\" data-id=\"b3e5325\" data-element_type=\"widget\" data-widget_type=\"spacer.default\">\n\t\t\t\t<div class=\"elementor-widget-container\">\n\t\t\t\t\t<div class=\"elementor-spacer\">\n\t\t\t<div class=\"elementor-spacer-inner\"><\/div>\n\t\t<\/div>\n\t\t\t\t<\/div>\n\t\t\t\t<\/div>\n\t\t\t\t\t<\/div>\n\t\t<\/div>\n\t\t\t\t\t\t\t<\/div>\n\t\t<\/section>\n\t\t\t\t<section class=\"elementor-section elementor-top-section elementor-element elementor-element-f176f27 elementor-section-boxed elementor-section-height-default elementor-section-height-default\" data-id=\"f176f27\" data-element_type=\"section\">\n\t\t\t\t\t\t<div class=\"elementor-container elementor-column-gap-default\">\n\t\t\t\t\t<div class=\"elementor-column elementor-col-50 elementor-top-column elementor-element elementor-element-b5f0913\" data-id=\"b5f0913\" data-element_type=\"column\">\n\t\t\t<div class=\"elementor-widget-wrap elementor-element-populated\">\n\t\t\t\t\t\t\t\t<div class=\"elementor-element elementor-element-9ec0a97 elementor-widget elementor-widget-heading\" data-id=\"9ec0a97\" data-element_type=\"widget\" data-widget_type=\"heading.default\">\n\t\t\t\t<div class=\"elementor-widget-container\">\n\t\t\t<h2 class=\"elementor-heading-title elementor-size-default\"><a href=\"https:\/\/sertifikaadid.eaq.ee\/\">ISO registration<\/a><\/h2>\t\t<\/div>\n\t\t\t\t<\/div>\n\t\t\t\t\t<\/div>\n\t\t<\/div>\n\t\t\t\t<div class=\"elementor-column elementor-col-50 elementor-top-column elementor-element elementor-element-9fddec1\" data-id=\"9fddec1\" data-element_type=\"column\">\n\t\t\t<div class=\"elementor-widget-wrap elementor-element-populated\">\n\t\t\t\t\t\t\t\t<div class=\"elementor-element elementor-element-48d5d7f elementor-widget elementor-widget-heading\" data-id=\"48d5d7f\" data-element_type=\"widget\" data-widget_type=\"heading.default\">\n\t\t\t\t<div class=\"elementor-widget-container\">\n\t\t\t<h2 class=\"elementor-heading-title elementor-size-default\"><a href=\"https:\/\/keskkonnaagentuur.ee\/emasi-organisatsioonid-eestis#aktsiaselts-ecopro\">EMAS Reports<\/a><\/h2>\t\t<\/div>\n\t\t\t\t<\/div>\n\t\t\t\t\t<\/div>\n\t\t<\/div>\n\t\t\t\t\t\t\t<\/div>\n\t\t<\/section>\n\t\t\t\t\t\t\t<\/div>\n\t\t","protected":false},"excerpt":{"rendered":"<p>Management systems AS EcoPro Management systems The goal of AS EcoPro is to be a customer-oriented, environmentally friendly and innovative company in the field of hazardous waste management. Improve and protect the environment through its activities; Comply with compliance obligations arising from laws and other regulatory enactments; Systematically improve the company&#8217;s management system; Improve environmental &hellip;<\/p>\n<p class=\"read-more\"> <a class=\"\" href=\"https:\/\/ecopro.ee\/en\/management-systems\/\"> <span class=\"screen-reader-text\">Management systems<\/span> Read More &raquo;<\/a><\/p>\n","protected":false},"author":1,"featured_media":0,"parent":0,"menu_order":0,"comment_status":"closed","ping_status":"closed","template":"","meta":{"inline_featured_image":false,"site-sidebar-layout":"no-sidebar","site-content-layout":"page-builder","ast-global-header-display":"","ast-main-header-display":"","ast-hfb-above-header-display":"","ast-hfb-below-header-display":"","ast-hfb-mobile-header-display":"","site-post-title":"disabled","ast-breadcrumbs-content":"","ast-featured-img":"disabled","footer-sml-layout":"","theme-transparent-header-meta":"default","adv-header-id-meta":"","stick-header-meta":"","header-above-stick-meta":"","header-main-stick-meta":"","header-below-stick-meta":"","footnotes":""},"class_list":["post-981","page","type-page","status-publish","hentry"],"yoast_head":"<!-- This site is optimized with the Yoast SEO plugin v21.5 - https:\/\/yoast.com\/wordpress\/plugins\/seo\/ -->\n<title>Management systems - EcoPro<\/title>\n<meta name=\"robots\" content=\"index, follow, max-snippet:-1, max-image-preview:large, max-video-preview:-1\" \/>\n<link rel=\"canonical\" href=\"https:\/\/ecopro.ee\/en\/management-systems\/\" \/>\n<meta property=\"og:locale\" content=\"en_US\" \/>\n<meta property=\"og:type\" content=\"article\" \/>\n<meta property=\"og:title\" content=\"Management systems - EcoPro\" \/>\n<meta property=\"og:description\" content=\"Management systems AS EcoPro Management systems The goal of AS EcoPro is to be a customer-oriented, environmentally friendly and innovative company in the field of hazardous waste management. Improve and protect the environment through its activities; Comply with compliance obligations arising from laws and other regulatory enactments; Systematically improve the company&#8217;s management system; Improve environmental &hellip; Management systems Read More &raquo;\" \/>\n<meta property=\"og:url\" content=\"https:\/\/ecopro.ee\/en\/management-systems\/\" \/>\n<meta property=\"og:site_name\" content=\"EcoPro\" \/>\n<meta property=\"article:modified_time\" content=\"2024-04-15T13:58:51+00:00\" \/>\n<meta name=\"twitter:card\" content=\"summary_large_image\" \/>\n<meta name=\"twitter:label1\" content=\"Est. reading time\" \/>\n\t<meta name=\"twitter:data1\" content=\"2 minutes\" \/>\n<script type=\"application\/ld+json\" class=\"yoast-schema-graph\">{\"@context\":\"https:\/\/schema.org\",\"@graph\":[{\"@type\":\"WebPage\",\"@id\":\"https:\/\/ecopro.ee\/en\/management-systems\/\",\"url\":\"https:\/\/ecopro.ee\/en\/management-systems\/\",\"name\":\"Management systems - EcoPro\",\"isPartOf\":{\"@id\":\"https:\/\/www.ecopro.ee\/#website\"},\"datePublished\":\"2022-01-19T14:20:41+00:00\",\"dateModified\":\"2024-04-15T13:58:51+00:00\",\"breadcrumb\":{\"@id\":\"https:\/\/ecopro.ee\/en\/management-systems\/#breadcrumb\"},\"inLanguage\":\"en-US\",\"potentialAction\":[{\"@type\":\"ReadAction\",\"target\":[\"https:\/\/ecopro.ee\/en\/management-systems\/\"]}]},{\"@type\":\"BreadcrumbList\",\"@id\":\"https:\/\/ecopro.ee\/en\/management-systems\/#breadcrumb\",\"itemListElement\":[{\"@type\":\"ListItem\",\"position\":1,\"name\":\"Home\",\"item\":\"https:\/\/ecopro.ee\/en\/\"},{\"@type\":\"ListItem\",\"position\":2,\"name\":\"Management systems\"}]},{\"@type\":\"WebSite\",\"@id\":\"https:\/\/www.ecopro.ee\/#website\",\"url\":\"https:\/\/www.ecopro.ee\/\",\"name\":\"EcoPro\",\"description\":\"Keskkonnareostuse likvideerimine ja ohtlike j\u00e4\u00e4tmete k\u00e4itlemine\",\"publisher\":{\"@id\":\"https:\/\/www.ecopro.ee\/#organization\"},\"potentialAction\":[{\"@type\":\"SearchAction\",\"target\":{\"@type\":\"EntryPoint\",\"urlTemplate\":\"https:\/\/www.ecopro.ee\/?s={search_term_string}\"},\"query-input\":\"required name=search_term_string\"}],\"inLanguage\":\"en-US\"},{\"@type\":\"Organization\",\"@id\":\"https:\/\/www.ecopro.ee\/#organization\",\"name\":\"EcoPro\",\"url\":\"https:\/\/www.ecopro.ee\/\",\"logo\":{\"@type\":\"ImageObject\",\"inLanguage\":\"en-US\",\"@id\":\"https:\/\/www.ecopro.ee\/#\/schema\/logo\/image\/\",\"url\":\"http:\/\/ecopro.ee\/wp-content\/uploads\/2021\/10\/black.svg\",\"contentUrl\":\"http:\/\/ecopro.ee\/wp-content\/uploads\/2021\/10\/black.svg\",\"width\":517,\"height\":128,\"caption\":\"EcoPro\"},\"image\":{\"@id\":\"https:\/\/www.ecopro.ee\/#\/schema\/logo\/image\/\"}}]}<\/script>\n<!-- \/ Yoast SEO plugin. -->","yoast_head_json":{"title":"Management systems - EcoPro","robots":{"index":"index","follow":"follow","max-snippet":"max-snippet:-1","max-image-preview":"max-image-preview:large","max-video-preview":"max-video-preview:-1"},"canonical":"https:\/\/ecopro.ee\/en\/management-systems\/","og_locale":"en_US","og_type":"article","og_title":"Management systems - EcoPro","og_description":"Management systems AS EcoPro Management systems The goal of AS EcoPro is to be a customer-oriented, environmentally friendly and innovative company in the field of hazardous waste management. Improve and protect the environment through its activities; Comply with compliance obligations arising from laws and other regulatory enactments; Systematically improve the company&#8217;s management system; Improve environmental &hellip; Management systems Read More &raquo;","og_url":"https:\/\/ecopro.ee\/en\/management-systems\/","og_site_name":"EcoPro","article_modified_time":"2024-04-15T13:58:51+00:00","twitter_card":"summary_large_image","twitter_misc":{"Est. reading time":"2 minutes"},"schema":{"@context":"https:\/\/schema.org","@graph":[{"@type":"WebPage","@id":"https:\/\/ecopro.ee\/en\/management-systems\/","url":"https:\/\/ecopro.ee\/en\/management-systems\/","name":"Management systems - EcoPro","isPartOf":{"@id":"https:\/\/www.ecopro.ee\/#website"},"datePublished":"2022-01-19T14:20:41+00:00","dateModified":"2024-04-15T13:58:51+00:00","breadcrumb":{"@id":"https:\/\/ecopro.ee\/en\/management-systems\/#breadcrumb"},"inLanguage":"en-US","potentialAction":[{"@type":"ReadAction","target":["https:\/\/ecopro.ee\/en\/management-systems\/"]}]},{"@type":"BreadcrumbList","@id":"https:\/\/ecopro.ee\/en\/management-systems\/#breadcrumb","itemListElement":[{"@type":"ListItem","position":1,"name":"Home","item":"https:\/\/ecopro.ee\/en\/"},{"@type":"ListItem","position":2,"name":"Management systems"}]},{"@type":"WebSite","@id":"https:\/\/www.ecopro.ee\/#website","url":"https:\/\/www.ecopro.ee\/","name":"EcoPro","description":"Keskkonnareostuse likvideerimine ja ohtlike j\u00e4\u00e4tmete k\u00e4itlemine","publisher":{"@id":"https:\/\/www.ecopro.ee\/#organization"},"potentialAction":[{"@type":"SearchAction","target":{"@type":"EntryPoint","urlTemplate":"https:\/\/www.ecopro.ee\/?s={search_term_string}"},"query-input":"required name=search_term_string"}],"inLanguage":"en-US"},{"@type":"Organization","@id":"https:\/\/www.ecopro.ee\/#organization","name":"EcoPro","url":"https:\/\/www.ecopro.ee\/","logo":{"@type":"ImageObject","inLanguage":"en-US","@id":"https:\/\/www.ecopro.ee\/#\/schema\/logo\/image\/","url":"http:\/\/ecopro.ee\/wp-content\/uploads\/2021\/10\/black.svg","contentUrl":"http:\/\/ecopro.ee\/wp-content\/uploads\/2021\/10\/black.svg","width":517,"height":128,"caption":"EcoPro"},"image":{"@id":"https:\/\/www.ecopro.ee\/#\/schema\/logo\/image\/"}}]}},"_links":{"self":[{"href":"https:\/\/ecopro.ee\/en\/wp-json\/wp\/v2\/pages\/981","targetHints":{"allow":["GET"]}}],"collection":[{"href":"https:\/\/ecopro.ee\/en\/wp-json\/wp\/v2\/pages"}],"about":[{"href":"https:\/\/ecopro.ee\/en\/wp-json\/wp\/v2\/types\/page"}],"author":[{"embeddable":true,"href":"https:\/\/ecopro.ee\/en\/wp-json\/wp\/v2\/users\/1"}],"replies":[{"embeddable":true,"href":"https:\/\/ecopro.ee\/en\/wp-json\/wp\/v2\/comments?post=981"}],"version-history":[{"count":4,"href":"https:\/\/ecopro.ee\/en\/wp-json\/wp\/v2\/pages\/981\/revisions"}],"predecessor-version":[{"id":1177,"href":"https:\/\/ecopro.ee\/en\/wp-json\/wp\/v2\/pages\/981\/revisions\/1177"}],"wp:attachment":[{"href":"https:\/\/ecopro.ee\/en\/wp-json\/wp\/v2\/media?parent=981"}],"curies":[{"name":"wp","href":"https:\/\/api.w.org\/{rel}","templated":true}]}}