{"id":983,"date":"2022-01-19T14:22:16","date_gmt":"2022-01-19T14:22:16","guid":{"rendered":"https:\/\/ecopro.vdisain.dev\/environmental-permits\/"},"modified":"2022-01-19T14:22:16","modified_gmt":"2022-01-19T14:22:16","slug":"environmental-permits","status":"publish","type":"page","link":"https:\/\/ecopro.ee\/en\/environmental-permits\/","title":{"rendered":"Environmental permits"},"content":{"rendered":"\t\t<div data-elementor-type=\"wp-page\" data-elementor-id=\"983\" class=\"elementor elementor-983 elementor-12\" data-elementor-post-type=\"page\">\n\t\t\t\t\t\t\t\t\t<section class=\"elementor-section elementor-top-section elementor-element elementor-element-cd66fe5 elementor-section-boxed elementor-section-height-default elementor-section-height-default\" data-id=\"cd66fe5\" data-element_type=\"section\" data-settings=\"{&quot;background_background&quot;:&quot;classic&quot;}\">\n\t\t\t\t\t\t\t<div class=\"elementor-background-overlay\"><\/div>\n\t\t\t\t\t\t\t<div class=\"elementor-container elementor-column-gap-default\">\n\t\t\t\t\t<div class=\"elementor-column elementor-col-100 elementor-top-column elementor-element elementor-element-5205e3e\" data-id=\"5205e3e\" data-element_type=\"column\">\n\t\t\t<div class=\"elementor-widget-wrap elementor-element-populated\">\n\t\t\t\t\t\t\t\t<div class=\"elementor-element elementor-element-09686f2 elementor-widget elementor-widget-heading\" data-id=\"09686f2\" data-element_type=\"widget\" data-widget_type=\"heading.default\">\n\t\t\t\t<div class=\"elementor-widget-container\">\n\t\t\t<h2 class=\"elementor-heading-title elementor-size-default\">Environmental permits<\/h2>\t\t<\/div>\n\t\t\t\t<\/div>\n\t\t\t\t\t<\/div>\n\t\t<\/div>\n\t\t\t\t\t\t\t<\/div>\n\t\t<\/section>\n\t\t\t\t<section class=\"elementor-section elementor-top-section elementor-element elementor-element-171dbab7 elementor-section-boxed elementor-section-height-default elementor-section-height-default\" data-id=\"171dbab7\" data-element_type=\"section\">\n\t\t\t\t\t\t<div class=\"elementor-container elementor-column-gap-no\">\n\t\t\t\t\t<div class=\"elementor-column elementor-col-100 elementor-top-column elementor-element elementor-element-7155f98b\" data-id=\"7155f98b\" data-element_type=\"column\">\n\t\t\t<div class=\"elementor-widget-wrap elementor-element-populated\">\n\t\t\t\t\t\t\t\t<section class=\"elementor-section elementor-inner-section elementor-element elementor-element-2c84f1e4 elementor-section-boxed elementor-section-height-default elementor-section-height-default\" data-id=\"2c84f1e4\" data-element_type=\"section\">\n\t\t\t\t\t\t<div class=\"elementor-container elementor-column-gap-no\">\n\t\t\t\t\t<div class=\"elementor-column elementor-col-50 elementor-inner-column elementor-element elementor-element-7e765634\" data-id=\"7e765634\" data-element_type=\"column\">\n\t\t\t<div class=\"elementor-widget-wrap elementor-element-populated\">\n\t\t\t\t\t\t\t\t<div class=\"elementor-element elementor-element-2e063bf5 elementor-widget elementor-widget-heading\" data-id=\"2e063bf5\" data-element_type=\"widget\" data-widget_type=\"heading.default\">\n\t\t\t\t<div class=\"elementor-widget-container\">\n\t\t\t<h4 class=\"elementor-heading-title elementor-size-default\">Registrations<\/h4>\t\t<\/div>\n\t\t\t\t<\/div>\n\t\t\t\t<div class=\"elementor-element elementor-element-8dc6591 elementor-position-left elementor-vertical-align-middle elementor-view-default elementor-mobile-position-top elementor-widget elementor-widget-icon-box\" data-id=\"8dc6591\" data-element_type=\"widget\" data-widget_type=\"icon-box.default\">\n\t\t\t\t<div class=\"elementor-widget-container\">\n\t\t\t\t\t<div class=\"elementor-icon-box-wrapper\">\n\t\t\t\t\t\t<div class=\"elementor-icon-box-icon\">\n\t\t\t\t<a href=\"http:\/\/ecopro.ee\/wp-content\/uploads\/2021\/10\/Jaatmekaitleja-registreering-Eesti.pdf\" target=\"_blank\" class=\"elementor-icon elementor-animation-\" tabindex=\"-1\">\n\t\t\t\t<i aria-hidden=\"true\" class=\"icon icon-document\"><\/i>\t\t\t\t<\/a>\n\t\t\t<\/div>\n\t\t\t\t\t\t<div class=\"elementor-icon-box-content\">\n\t\t\t\t<h3 class=\"elementor-icon-box-title\">\n\t\t\t\t\t<a href=\"http:\/\/ecopro.ee\/wp-content\/uploads\/2021\/10\/Jaatmekaitleja-registreering-Eesti.pdf\" target=\"_blank\" >\n\t\t\t\t\t\tWaste handler registration (Estonia)\t\t\t\t\t<\/a>\n\t\t\t\t<\/h3>\n\t\t\t\t\t\t\t<\/div>\n\t\t<\/div>\n\t\t\t\t<\/div>\n\t\t\t\t<\/div>\n\t\t\t\t<div class=\"elementor-element elementor-element-100510b elementor-position-left elementor-vertical-align-middle elementor-view-default elementor-mobile-position-top elementor-widget elementor-widget-icon-box\" data-id=\"100510b\" data-element_type=\"widget\" data-widget_type=\"icon-box.default\">\n\t\t\t\t<div class=\"elementor-widget-container\">\n\t\t\t\t\t<div class=\"elementor-icon-box-wrapper\">\n\t\t\t\t\t\t<div class=\"elementor-icon-box-icon\">\n\t\t\t\t<a href=\"http:\/\/ecopro.ee\/wp-content\/uploads\/2021\/10\/Jaatmekaitleja-registreering-Narva-Rakvere-L3.pdf\" target=\"_blank\" class=\"elementor-icon elementor-animation-\" tabindex=\"-1\">\n\t\t\t\t<i aria-hidden=\"true\" class=\"icon icon-document\"><\/i>\t\t\t\t<\/a>\n\t\t\t<\/div>\n\t\t\t\t\t\t<div class=\"elementor-icon-box-content\">\n\t\t\t\t<h3 class=\"elementor-icon-box-title\">\n\t\t\t\t\t<a href=\"http:\/\/ecopro.ee\/wp-content\/uploads\/2021\/10\/Jaatmekaitleja-registreering-Narva-Rakvere-L3.pdf\" target=\"_blank\" >\n\t\t\t\t\t\tWaste handler registration (Narva, Rakvere L3)\t\t\t\t\t<\/a>\n\t\t\t\t<\/h3>\n\t\t\t\t\t\t\t<\/div>\n\t\t<\/div>\n\t\t\t\t<\/div>\n\t\t\t\t<\/div>\n\t\t\t\t<div class=\"elementor-element elementor-element-c56a65e elementor-position-left elementor-vertical-align-middle elementor-view-default elementor-mobile-position-top elementor-widget elementor-widget-icon-box\" data-id=\"c56a65e\" data-element_type=\"widget\" data-widget_type=\"icon-box.default\">\n\t\t\t\t<div class=\"elementor-widget-container\">\n\t\t\t\t\t<div class=\"elementor-icon-box-wrapper\">\n\t\t\t\t\t\t<div class=\"elementor-icon-box-icon\">\n\t\t\t\t<a href=\"http:\/\/ecopro.ee\/wp-content\/uploads\/2021\/10\/Jaatmekaitleja-registreering-Narva-Laane-7.pdf\" target=\"_blank\" class=\"elementor-icon elementor-animation-\" tabindex=\"-1\">\n\t\t\t\t<i aria-hidden=\"true\" class=\"icon icon-document\"><\/i>\t\t\t\t<\/a>\n\t\t\t<\/div>\n\t\t\t\t\t\t<div class=\"elementor-icon-box-content\">\n\t\t\t\t<h3 class=\"elementor-icon-box-title\">\n\t\t\t\t\t<a href=\"http:\/\/ecopro.ee\/wp-content\/uploads\/2021\/10\/Jaatmekaitleja-registreering-Narva-Laane-7.pdf\" target=\"_blank\" >\n\t\t\t\t\t\tWaste handler registration (Narva, L\u00e4\u00e4ne 7)\t\t\t\t\t<\/a>\n\t\t\t\t<\/h3>\n\t\t\t\t\t\t\t<\/div>\n\t\t<\/div>\n\t\t\t\t<\/div>\n\t\t\t\t<\/div>\n\t\t\t\t<div class=\"elementor-element elementor-element-9dc6835 elementor-widget elementor-widget-heading\" data-id=\"9dc6835\" data-element_type=\"widget\" data-widget_type=\"heading.default\">\n\t\t\t\t<div class=\"elementor-widget-container\">\n\t\t\t<h4 class=\"elementor-heading-title elementor-size-default\">Waste permits<\/h4>\t\t<\/div>\n\t\t\t\t<\/div>\n\t\t\t\t<div class=\"elementor-element elementor-element-d635ad3 elementor-position-left elementor-vertical-align-middle elementor-view-default elementor-mobile-position-top elementor-widget elementor-widget-icon-box\" data-id=\"d635ad3\" data-element_type=\"widget\" data-widget_type=\"icon-box.default\">\n\t\t\t\t<div class=\"elementor-widget-container\">\n\t\t\t\t\t<div class=\"elementor-icon-box-wrapper\">\n\t\t\t\t\t\t<div class=\"elementor-icon-box-icon\">\n\t\t\t\t<a href=\"http:\/\/ecopro.ee\/wp-content\/uploads\/2021\/10\/Tallinna-Jaatmekaitluskeskus.pdf\" target=\"_blank\" class=\"elementor-icon elementor-animation-\" tabindex=\"-1\">\n\t\t\t\t<i aria-hidden=\"true\" class=\"icon icon-document\"><\/i>\t\t\t\t<\/a>\n\t\t\t<\/div>\n\t\t\t\t\t\t<div class=\"elementor-icon-box-content\">\n\t\t\t\t<h3 class=\"elementor-icon-box-title\">\n\t\t\t\t\t<a href=\"http:\/\/ecopro.ee\/wp-content\/uploads\/2021\/10\/Tallinna-Jaatmekaitluskeskus.pdf\" target=\"_blank\" >\n\t\t\t\t\t\tTallinn Waste Management Center\t\t\t\t\t<\/a>\n\t\t\t\t<\/h3>\n\t\t\t\t\t\t\t<\/div>\n\t\t<\/div>\n\t\t\t\t<\/div>\n\t\t\t\t<\/div>\n\t\t\t\t<div class=\"elementor-element elementor-element-8111a7e elementor-position-left elementor-vertical-align-middle elementor-view-default elementor-mobile-position-top elementor-widget elementor-widget-icon-box\" data-id=\"8111a7e\" data-element_type=\"widget\" data-widget_type=\"icon-box.default\">\n\t\t\t\t<div class=\"elementor-widget-container\">\n\t\t\t\t\t<div class=\"elementor-icon-box-wrapper\">\n\t\t\t\t\t\t<div class=\"elementor-icon-box-icon\">\n\t\t\t\t<a href=\"http:\/\/ecopro.ee\/wp-content\/uploads\/2021\/10\/Kivioli-Jaatmete-Taaskasutuskekus.pdf\" target=\"_blank\" class=\"elementor-icon elementor-animation-\" tabindex=\"-1\">\n\t\t\t\t<i aria-hidden=\"true\" class=\"icon icon-document\"><\/i>\t\t\t\t<\/a>\n\t\t\t<\/div>\n\t\t\t\t\t\t<div class=\"elementor-icon-box-content\">\n\t\t\t\t<h3 class=\"elementor-icon-box-title\">\n\t\t\t\t\t<a href=\"http:\/\/ecopro.ee\/wp-content\/uploads\/2021\/10\/Kivioli-Jaatmete-Taaskasutuskekus.pdf\" target=\"_blank\" >\n\t\t\t\t\t\tKivi\u00f5li Waste Recycling Center\t\t\t\t\t<\/a>\n\t\t\t\t<\/h3>\n\t\t\t\t\t\t\t<\/div>\n\t\t<\/div>\n\t\t\t\t<\/div>\n\t\t\t\t<\/div>\n\t\t\t\t<div class=\"elementor-element elementor-element-8239516 elementor-widget elementor-widget-heading\" data-id=\"8239516\" data-element_type=\"widget\" data-widget_type=\"heading.default\">\n\t\t\t\t<div class=\"elementor-widget-container\">\n\t\t\t<h4 class=\"elementor-heading-title elementor-size-default\">Integrated environmental permit<\/h4>\t\t<\/div>\n\t\t\t\t<\/div>\n\t\t\t\t<div class=\"elementor-element elementor-element-7a3ed4c elementor-position-left elementor-vertical-align-middle elementor-view-default elementor-mobile-position-top elementor-widget elementor-widget-icon-box\" data-id=\"7a3ed4c\" data-element_type=\"widget\" data-widget_type=\"icon-box.default\">\n\t\t\t\t<div class=\"elementor-widget-container\">\n\t\t\t\t\t<div class=\"elementor-icon-box-wrapper\">\n\t\t\t\t\t\t<div class=\"elementor-icon-box-icon\">\n\t\t\t\t<a href=\"http:\/\/ecopro.ee\/wp-content\/uploads\/2021\/10\/Vaivara-ohtlike-jaatmete-Kaitluskeskus-ja-prugila-kompleksluba.pdf\" target=\"_blank\" class=\"elementor-icon elementor-animation-\" tabindex=\"-1\">\n\t\t\t\t<i aria-hidden=\"true\" class=\"icon icon-document\"><\/i>\t\t\t\t<\/a>\n\t\t\t<\/div>\n\t\t\t\t\t\t<div class=\"elementor-icon-box-content\">\n\t\t\t\t<h3 class=\"elementor-icon-box-title\">\n\t\t\t\t\t<a href=\"http:\/\/ecopro.ee\/wp-content\/uploads\/2021\/10\/Vaivara-ohtlike-jaatmete-Kaitluskeskus-ja-prugila-kompleksluba.pdf\" target=\"_blank\" >\n\t\t\t\t\t\tVaivara Hazardous Waste Management Center and Landfill Integrated Permit\t\t\t\t\t<\/a>\n\t\t\t\t<\/h3>\n\t\t\t\t\t\t\t<\/div>\n\t\t<\/div>\n\t\t\t\t<\/div>\n\t\t\t\t<\/div>\n\t\t\t\t<div class=\"elementor-element elementor-element-522a54a elementor-widget elementor-widget-heading\" data-id=\"522a54a\" data-element_type=\"widget\" data-widget_type=\"heading.default\">\n\t\t\t\t<div class=\"elementor-widget-container\">\n\t\t\t<h4 class=\"elementor-heading-title elementor-size-default\">Special use permit for water<\/h4>\t\t<\/div>\n\t\t\t\t<\/div>\n\t\t\t\t<div class=\"elementor-element elementor-element-7df6a2f elementor-position-left elementor-vertical-align-middle elementor-view-default elementor-mobile-position-top elementor-widget elementor-widget-icon-box\" data-id=\"7df6a2f\" data-element_type=\"widget\" data-widget_type=\"icon-box.default\">\n\t\t\t\t<div class=\"elementor-widget-container\">\n\t\t\t\t\t<div class=\"elementor-icon-box-wrapper\">\n\t\t\t\t\t\t<div class=\"elementor-icon-box-icon\">\n\t\t\t\t<a href=\"http:\/\/ecopro.ee\/wp-content\/uploads\/2021\/10\/Harjumaa.pdf\" target=\"_blank\" class=\"elementor-icon elementor-animation-\" tabindex=\"-1\">\n\t\t\t\t<i aria-hidden=\"true\" class=\"icon icon-document\"><\/i>\t\t\t\t<\/a>\n\t\t\t<\/div>\n\t\t\t\t\t\t<div class=\"elementor-icon-box-content\">\n\t\t\t\t<h3 class=\"elementor-icon-box-title\">\n\t\t\t\t\t<a href=\"http:\/\/ecopro.ee\/wp-content\/uploads\/2021\/10\/Harjumaa.pdf\" target=\"_blank\" >\n\t\t\t\t\t\tHarjumaa\t\t\t\t\t<\/a>\n\t\t\t\t<\/h3>\n\t\t\t\t\t\t\t<\/div>\n\t\t<\/div>\n\t\t\t\t<\/div>\n\t\t\t\t<\/div>\n\t\t\t\t\t<\/div>\n\t\t<\/div>\n\t\t\t\t<div class=\"elementor-column elementor-col-50 elementor-inner-column elementor-element elementor-element-e141d1b\" data-id=\"e141d1b\" data-element_type=\"column\">\n\t\t\t<div class=\"elementor-widget-wrap elementor-element-populated\">\n\t\t\t\t\t\t\t\t<div class=\"elementor-element elementor-element-186822fb elementor-widget elementor-widget-e_image_hover_effects\" data-id=\"186822fb\" data-element_type=\"widget\" data-widget_type=\"e_image_hover_effects.default\">\n\t\t\t\t<div class=\"elementor-widget-container\">\n\t\t\t\t\t\t<a href=\"http:\/\/ecopro.ee\/#paring\">\n\t\t\t\t\t<div class=\"eihe-box eihe-fade-in-up eihe_center\">\n\t\t\t\t<img decoding=\"async\" width=\"2560\" height=\"1707\" src=\"https:\/\/ecopro.ee\/wp-content\/uploads\/2021\/10\/contemporary-female-ecologist-or-researcher-making-UNHWA9K-scaled.jpg\" class=\"attachment-full size-full wp-image-193\" alt=\"\" srcset=\"https:\/\/ecopro.ee\/wp-content\/uploads\/2021\/10\/contemporary-female-ecologist-or-researcher-making-UNHWA9K-scaled.jpg 2560w, https:\/\/ecopro.ee\/wp-content\/uploads\/2021\/10\/contemporary-female-ecologist-or-researcher-making-UNHWA9K-300x200.jpg 300w, https:\/\/ecopro.ee\/wp-content\/uploads\/2021\/10\/contemporary-female-ecologist-or-researcher-making-UNHWA9K-1024x683.jpg 1024w, https:\/\/ecopro.ee\/wp-content\/uploads\/2021\/10\/contemporary-female-ecologist-or-researcher-making-UNHWA9K-768x512.jpg 768w, https:\/\/ecopro.ee\/wp-content\/uploads\/2021\/10\/contemporary-female-ecologist-or-researcher-making-UNHWA9K-1536x1024.jpg 1536w, https:\/\/ecopro.ee\/wp-content\/uploads\/2021\/10\/contemporary-female-ecologist-or-researcher-making-UNHWA9K-2048x1365.jpg 2048w\" sizes=\"(max-width: 2560px) 100vw, 2560px\" \/>\t\t\t\t<div class=\"eihe-caption\">\n\t\t\t\t\t<div class=\"eihe-title-cover\">\n\t\t\t\t\t\t\t\t\t\t\t\t<h3 class=\"eihe-title\">Contact us<\/h3>\n\t\t\t\t\t\t\t\t\t\t\t<\/div>\n\t\t\t\t\t<p><\/p>\n\t\t\t\t<\/div>\n\t\t\t<\/div>\n\t\t\t\t\t<\/a>\n\t\t\t\t<\/div>\n\t\t\t\t<\/div>\n\t\t\t\t\t<\/div>\n\t\t<\/div>\n\t\t\t\t\t\t\t<\/div>\n\t\t<\/section>\n\t\t\t\t\t<\/div>\n\t\t<\/div>\n\t\t\t\t\t\t\t<\/div>\n\t\t<\/section>\n\t\t\t\t\t\t\t<\/div>\n\t\t","protected":false},"excerpt":{"rendered":"<p>Environmental permits Registrations Waste handler registration (Estonia) Waste handler registration (Narva, Rakvere L3) Waste handler registration (Narva, L\u00e4\u00e4ne 7) Waste permits Tallinn Waste Management Center Kivi\u00f5li Waste Recycling Center Integrated environmental permit Vaivara Hazardous Waste Management Center and Landfill Integrated Permit Special use permit for water Harjumaa Contact us<\/p>\n","protected":false},"author":1,"featured_media":0,"parent":0,"menu_order":0,"comment_status":"closed","ping_status":"closed","template":"","meta":{"inline_featured_image":false,"site-sidebar-layout":"no-sidebar","site-content-layout":"page-builder","ast-global-header-display":"","ast-main-header-display":"","ast-hfb-above-header-display":"","ast-hfb-below-header-display":"","ast-hfb-mobile-header-display":"","site-post-title":"disabled","ast-breadcrumbs-content":"","ast-featured-img":"disabled","footer-sml-layout":"","theme-transparent-header-meta":"default","adv-header-id-meta":"","stick-header-meta":"","header-above-stick-meta":"","header-main-stick-meta":"","header-below-stick-meta":"","footnotes":""},"class_list":["post-983","page","type-page","status-publish","hentry"],"yoast_head":"<!-- This site is optimized with the Yoast SEO plugin v21.5 - https:\/\/yoast.com\/wordpress\/plugins\/seo\/ -->\n<title>Environmental permits - EcoPro<\/title>\n<meta name=\"robots\" content=\"index, follow, max-snippet:-1, max-image-preview:large, max-video-preview:-1\" \/>\n<link rel=\"canonical\" href=\"https:\/\/ecopro.ee\/en\/environmental-permits\/\" \/>\n<meta property=\"og:locale\" content=\"en_US\" \/>\n<meta property=\"og:type\" content=\"article\" \/>\n<meta property=\"og:title\" content=\"Environmental permits - EcoPro\" \/>\n<meta property=\"og:description\" content=\"Environmental permits Registrations Waste handler registration (Estonia) Waste handler registration (Narva, Rakvere L3) Waste handler registration (Narva, L\u00e4\u00e4ne 7) Waste permits Tallinn Waste Management Center Kivi\u00f5li Waste Recycling Center Integrated environmental permit Vaivara Hazardous Waste Management Center and Landfill Integrated Permit Special use permit for water Harjumaa Contact us\" \/>\n<meta property=\"og:url\" content=\"https:\/\/ecopro.ee\/en\/environmental-permits\/\" \/>\n<meta property=\"og:site_name\" content=\"EcoPro\" \/>\n<meta property=\"og:image\" content=\"http:\/\/ecopro.ee\/wp-content\/uploads\/2021\/10\/contemporary-female-ecologist-or-researcher-making-UNHWA9K-scaled.jpg\" \/>\n<meta name=\"twitter:card\" content=\"summary_large_image\" \/>\n<script type=\"application\/ld+json\" class=\"yoast-schema-graph\">{\"@context\":\"https:\/\/schema.org\",\"@graph\":[{\"@type\":\"WebPage\",\"@id\":\"https:\/\/ecopro.ee\/en\/environmental-permits\/\",\"url\":\"https:\/\/ecopro.ee\/en\/environmental-permits\/\",\"name\":\"Environmental permits - EcoPro\",\"isPartOf\":{\"@id\":\"https:\/\/ecopro.ee\/#website\"},\"datePublished\":\"2022-01-19T14:22:16+00:00\",\"dateModified\":\"2022-01-19T14:22:16+00:00\",\"breadcrumb\":{\"@id\":\"https:\/\/ecopro.ee\/en\/environmental-permits\/#breadcrumb\"},\"inLanguage\":\"en-US\",\"potentialAction\":[{\"@type\":\"ReadAction\",\"target\":[\"https:\/\/ecopro.ee\/en\/environmental-permits\/\"]}]},{\"@type\":\"BreadcrumbList\",\"@id\":\"https:\/\/ecopro.ee\/en\/environmental-permits\/#breadcrumb\",\"itemListElement\":[{\"@type\":\"ListItem\",\"position\":1,\"name\":\"Home\",\"item\":\"https:\/\/ecopro.ee\/en\/\"},{\"@type\":\"ListItem\",\"position\":2,\"name\":\"Environmental permits\"}]},{\"@type\":\"WebSite\",\"@id\":\"https:\/\/ecopro.ee\/#website\",\"url\":\"https:\/\/ecopro.ee\/\",\"name\":\"EcoPro\",\"description\":\"Keskkonnareostuse likvideerimine ja ohtlike j\u00e4\u00e4tmete k\u00e4itlemine\",\"publisher\":{\"@id\":\"https:\/\/ecopro.ee\/#organization\"},\"potentialAction\":[{\"@type\":\"SearchAction\",\"target\":{\"@type\":\"EntryPoint\",\"urlTemplate\":\"https:\/\/ecopro.ee\/?s={search_term_string}\"},\"query-input\":\"required name=search_term_string\"}],\"inLanguage\":\"en-US\"},{\"@type\":\"Organization\",\"@id\":\"https:\/\/ecopro.ee\/#organization\",\"name\":\"EcoPro\",\"url\":\"https:\/\/ecopro.ee\/\",\"logo\":{\"@type\":\"ImageObject\",\"inLanguage\":\"en-US\",\"@id\":\"https:\/\/ecopro.ee\/#\/schema\/logo\/image\/\",\"url\":\"http:\/\/ecopro.ee\/wp-content\/uploads\/2021\/10\/black.svg\",\"contentUrl\":\"http:\/\/ecopro.ee\/wp-content\/uploads\/2021\/10\/black.svg\",\"width\":517,\"height\":128,\"caption\":\"EcoPro\"},\"image\":{\"@id\":\"https:\/\/ecopro.ee\/#\/schema\/logo\/image\/\"}}]}<\/script>\n<!-- \/ Yoast SEO plugin. -->","yoast_head_json":{"title":"Environmental permits - EcoPro","robots":{"index":"index","follow":"follow","max-snippet":"max-snippet:-1","max-image-preview":"max-image-preview:large","max-video-preview":"max-video-preview:-1"},"canonical":"https:\/\/ecopro.ee\/en\/environmental-permits\/","og_locale":"en_US","og_type":"article","og_title":"Environmental permits - EcoPro","og_description":"Environmental permits Registrations Waste handler registration (Estonia) Waste handler registration (Narva, Rakvere L3) Waste handler registration (Narva, L\u00e4\u00e4ne 7) Waste permits Tallinn Waste Management Center Kivi\u00f5li Waste Recycling Center Integrated environmental permit Vaivara Hazardous Waste Management Center and Landfill Integrated Permit Special use permit for water Harjumaa Contact us","og_url":"https:\/\/ecopro.ee\/en\/environmental-permits\/","og_site_name":"EcoPro","og_image":[{"url":"http:\/\/ecopro.ee\/wp-content\/uploads\/2021\/10\/contemporary-female-ecologist-or-researcher-making-UNHWA9K-scaled.jpg"}],"twitter_card":"summary_large_image","schema":{"@context":"https:\/\/schema.org","@graph":[{"@type":"WebPage","@id":"https:\/\/ecopro.ee\/en\/environmental-permits\/","url":"https:\/\/ecopro.ee\/en\/environmental-permits\/","name":"Environmental permits - EcoPro","isPartOf":{"@id":"https:\/\/ecopro.ee\/#website"},"datePublished":"2022-01-19T14:22:16+00:00","dateModified":"2022-01-19T14:22:16+00:00","breadcrumb":{"@id":"https:\/\/ecopro.ee\/en\/environmental-permits\/#breadcrumb"},"inLanguage":"en-US","potentialAction":[{"@type":"ReadAction","target":["https:\/\/ecopro.ee\/en\/environmental-permits\/"]}]},{"@type":"BreadcrumbList","@id":"https:\/\/ecopro.ee\/en\/environmental-permits\/#breadcrumb","itemListElement":[{"@type":"ListItem","position":1,"name":"Home","item":"https:\/\/ecopro.ee\/en\/"},{"@type":"ListItem","position":2,"name":"Environmental permits"}]},{"@type":"WebSite","@id":"https:\/\/ecopro.ee\/#website","url":"https:\/\/ecopro.ee\/","name":"EcoPro","description":"Keskkonnareostuse likvideerimine ja ohtlike j\u00e4\u00e4tmete k\u00e4itlemine","publisher":{"@id":"https:\/\/ecopro.ee\/#organization"},"potentialAction":[{"@type":"SearchAction","target":{"@type":"EntryPoint","urlTemplate":"https:\/\/ecopro.ee\/?s={search_term_string}"},"query-input":"required name=search_term_string"}],"inLanguage":"en-US"},{"@type":"Organization","@id":"https:\/\/ecopro.ee\/#organization","name":"EcoPro","url":"https:\/\/ecopro.ee\/","logo":{"@type":"ImageObject","inLanguage":"en-US","@id":"https:\/\/ecopro.ee\/#\/schema\/logo\/image\/","url":"http:\/\/ecopro.ee\/wp-content\/uploads\/2021\/10\/black.svg","contentUrl":"http:\/\/ecopro.ee\/wp-content\/uploads\/2021\/10\/black.svg","width":517,"height":128,"caption":"EcoPro"},"image":{"@id":"https:\/\/ecopro.ee\/#\/schema\/logo\/image\/"}}]}},"_links":{"self":[{"href":"https:\/\/ecopro.ee\/en\/wp-json\/wp\/v2\/pages\/983","targetHints":{"allow":["GET"]}}],"collection":[{"href":"https:\/\/ecopro.ee\/en\/wp-json\/wp\/v2\/pages"}],"about":[{"href":"https:\/\/ecopro.ee\/en\/wp-json\/wp\/v2\/types\/page"}],"author":[{"embeddable":true,"href":"https:\/\/ecopro.ee\/en\/wp-json\/wp\/v2\/users\/1"}],"replies":[{"embeddable":true,"href":"https:\/\/ecopro.ee\/en\/wp-json\/wp\/v2\/comments?post=983"}],"version-history":[{"count":1,"href":"https:\/\/ecopro.ee\/en\/wp-json\/wp\/v2\/pages\/983\/revisions"}],"predecessor-version":[{"id":984,"href":"https:\/\/ecopro.ee\/en\/wp-json\/wp\/v2\/pages\/983\/revisions\/984"}],"wp:attachment":[{"href":"https:\/\/ecopro.ee\/en\/wp-json\/wp\/v2\/media?parent=983"}],"curies":[{"name":"wp","href":"https:\/\/api.w.org\/{rel}","templated":true}]}}