{"id":985,"date":"2022-01-19T14:23:10","date_gmt":"2022-01-19T14:23:10","guid":{"rendered":"https:\/\/ecopro.vdisain.dev\/elimination-of-environmental-pollution\/"},"modified":"2024-03-14T16:02:51","modified_gmt":"2024-03-14T14:02:51","slug":"elimination-of-environmental-pollution","status":"publish","type":"page","link":"https:\/\/ecopro.ee\/en\/elimination-of-environmental-pollution\/","title":{"rendered":"Elimination of environmental pollution"},"content":{"rendered":"\t\t<div data-elementor-type=\"wp-page\" data-elementor-id=\"985\" class=\"elementor elementor-985 elementor-287\" data-elementor-post-type=\"page\">\n\t\t\t\t\t\t\t\t\t<section class=\"elementor-section elementor-top-section elementor-element elementor-element-b315c47 elementor-section-boxed elementor-section-height-default elementor-section-height-default\" data-id=\"b315c47\" data-element_type=\"section\" data-settings=\"{&quot;background_background&quot;:&quot;classic&quot;}\">\n\t\t\t\t\t\t\t<div class=\"elementor-background-overlay\"><\/div>\n\t\t\t\t\t\t\t<div class=\"elementor-container elementor-column-gap-default\">\n\t\t\t\t\t<div class=\"elementor-column elementor-col-100 elementor-top-column elementor-element elementor-element-d82d971\" data-id=\"d82d971\" data-element_type=\"column\">\n\t\t\t<div class=\"elementor-widget-wrap elementor-element-populated\">\n\t\t\t\t\t\t\t\t<div class=\"elementor-element elementor-element-4293705 elementor-widget elementor-widget-heading\" data-id=\"4293705\" data-element_type=\"widget\" data-widget_type=\"heading.default\">\n\t\t\t\t<div class=\"elementor-widget-container\">\n\t\t\t<h2 class=\"elementor-heading-title elementor-size-default\">Elimination of environmental pollution<\/h2>\t\t<\/div>\n\t\t\t\t<\/div>\n\t\t\t\t\t<\/div>\n\t\t<\/div>\n\t\t\t\t\t\t\t<\/div>\n\t\t<\/section>\n\t\t\t\t<section class=\"elementor-section elementor-top-section elementor-element elementor-element-aca5248 elementor-section-boxed elementor-section-height-default elementor-section-height-default\" data-id=\"aca5248\" data-element_type=\"section\">\n\t\t\t\t\t\t<div class=\"elementor-container elementor-column-gap-default\">\n\t\t\t\t\t<div class=\"elementor-column elementor-col-100 elementor-top-column elementor-element elementor-element-5c9faaa\" data-id=\"5c9faaa\" data-element_type=\"column\">\n\t\t\t<div class=\"elementor-widget-wrap elementor-element-populated\">\n\t\t\t\t\t\t\t\t<div class=\"elementor-element elementor-element-fac47ce elementor-widget elementor-widget-spacer\" data-id=\"fac47ce\" data-element_type=\"widget\" data-widget_type=\"spacer.default\">\n\t\t\t\t<div class=\"elementor-widget-container\">\n\t\t\t\t\t<div class=\"elementor-spacer\">\n\t\t\t<div class=\"elementor-spacer-inner\"><\/div>\n\t\t<\/div>\n\t\t\t\t<\/div>\n\t\t\t\t<\/div>\n\t\t\t\t<div class=\"elementor-element elementor-element-c74a01b elementor-widget elementor-widget-text-editor\" data-id=\"c74a01b\" data-element_type=\"widget\" data-widget_type=\"text-editor.default\">\n\t\t\t\t<div class=\"elementor-widget-container\">\n\t\t\t\t\t\t\t<p>Lorem ipsum dolor sit amet, consectetur adipiscing elit. Aliquam maximus sed erat vel fermentum. Aenean urna purus, cursus id quam sit amet, pharetra cursus metus. Integer dictum convallis ex, a ornare ante gravida ac. Donec a ante ipsum. Praesent porta, nibh blandit rutrum scelerisque, arcu augue ullamcorper risus, nec placerat nulla justo at eros. Pellentesque id massa mattis, viverra diam eu, porttitor nulla. Vivamus convallis felis blandit risus lacinia, in auctor velit convallis. Nunc maximus orci sed lorem fermentum placerat. Curabitur enim purus, consequat nec blandit ac, imperdiet a lorem. Suspendisse sed commodo est. Praesent egestas sem metus, eu fermentum velit pellentesque non. Vivamus vel suscipit velit.<\/p><p>In vulputate aliquet felis, quis lacinia ligula facilisis vitae. Sed tortor risus, rutrum at scelerisque bibendum, tincidunt eget lorem. Donec pharetra, dui et hendrerit luctus, odio risus pharetra arcu, at aliquam lorem tellus nec elit. Integer quis augue in nunc fermentum semper. Nunc est turpis, feugiat a orci et, fermentum mattis mauris. Donec vitae enim odio. Sed ac iaculis mauris.<\/p><p>Quisque risus metus, consequat ac porta vel, scelerisque vitae velit. Nam sed mauris eget odio feugiat dictum vitae quis lacus. Orci varius natoque penatibus et magnis dis parturient montes, nascetur ridiculus mus. Mauris vehicula luctus lorem in vehicula. Nam tortor arcu, facilisis sit amet ornare ut, interdum eu urna. In in nunc euismod augue feugiat eleifend. Mauris sit amet urna ut ipsum condimentum tristique vitae in augue. Aenean efficitur nibh vitae sem volutpat, id imperdiet nisi commodo.<\/p>\t\t\t\t\t\t<\/div>\n\t\t\t\t<\/div>\n\t\t\t\t\t<\/div>\n\t\t<\/div>\n\t\t\t\t\t\t\t<\/div>\n\t\t<\/section>\n\t\t\t\t\t\t\t<\/div>\n\t\t","protected":false},"excerpt":{"rendered":"<p>Elimination of environmental pollution Lorem ipsum dolor sit amet, consectetur adipiscing elit. Aliquam maximus sed erat vel fermentum. Aenean urna purus, cursus id quam sit amet, pharetra cursus metus. Integer dictum convallis ex, a ornare ante gravida ac. Donec a ante ipsum. Praesent porta, nibh blandit rutrum scelerisque, arcu augue ullamcorper risus, nec placerat nulla &hellip;<\/p>\n<p class=\"read-more\"> <a class=\"\" href=\"https:\/\/ecopro.ee\/en\/elimination-of-environmental-pollution\/\"> <span class=\"screen-reader-text\">Elimination of environmental pollution<\/span> Read More &raquo;<\/a><\/p>\n","protected":false},"author":1,"featured_media":0,"parent":0,"menu_order":0,"comment_status":"closed","ping_status":"closed","template":"","meta":{"inline_featured_image":false,"site-sidebar-layout":"no-sidebar","site-content-layout":"page-builder","ast-global-header-display":"","ast-main-header-display":"","ast-hfb-above-header-display":"","ast-hfb-below-header-display":"","ast-hfb-mobile-header-display":"","site-post-title":"disabled","ast-breadcrumbs-content":"","ast-featured-img":"disabled","footer-sml-layout":"","theme-transparent-header-meta":"default","adv-header-id-meta":"","stick-header-meta":"","header-above-stick-meta":"","header-main-stick-meta":"","header-below-stick-meta":"","footnotes":""},"class_list":["post-985","page","type-page","status-publish","hentry"],"yoast_head":"<!-- This site is optimized with the Yoast SEO plugin v21.5 - https:\/\/yoast.com\/wordpress\/plugins\/seo\/ -->\n<title>Elimination of environmental pollution - EcoPro<\/title>\n<meta name=\"robots\" content=\"index, follow, max-snippet:-1, max-image-preview:large, max-video-preview:-1\" \/>\n<link rel=\"canonical\" href=\"https:\/\/www.ecopro.ee\/en\/elimination-of-environmental-pollution\/\" \/>\n<meta property=\"og:locale\" content=\"en_US\" \/>\n<meta property=\"og:type\" content=\"article\" \/>\n<meta property=\"og:title\" content=\"Elimination of environmental pollution - EcoPro\" \/>\n<meta property=\"og:description\" content=\"Elimination of environmental pollution Lorem ipsum dolor sit amet, consectetur adipiscing elit. Aliquam maximus sed erat vel fermentum. Aenean urna purus, cursus id quam sit amet, pharetra cursus metus. Integer dictum convallis ex, a ornare ante gravida ac. Donec a ante ipsum. Praesent porta, nibh blandit rutrum scelerisque, arcu augue ullamcorper risus, nec placerat nulla &hellip; Elimination of environmental pollution Read More &raquo;\" \/>\n<meta property=\"og:url\" content=\"https:\/\/www.ecopro.ee\/en\/elimination-of-environmental-pollution\/\" \/>\n<meta property=\"og:site_name\" content=\"EcoPro\" \/>\n<meta property=\"article:modified_time\" content=\"2024-03-14T14:02:51+00:00\" \/>\n<meta name=\"twitter:card\" content=\"summary_large_image\" \/>\n<meta name=\"twitter:label1\" content=\"Est. reading time\" \/>\n\t<meta name=\"twitter:data1\" content=\"2 minutes\" \/>\n<script type=\"application\/ld+json\" class=\"yoast-schema-graph\">{\"@context\":\"https:\/\/schema.org\",\"@graph\":[{\"@type\":\"WebPage\",\"@id\":\"https:\/\/www.ecopro.ee\/en\/elimination-of-environmental-pollution\/\",\"url\":\"https:\/\/www.ecopro.ee\/en\/elimination-of-environmental-pollution\/\",\"name\":\"Elimination of environmental pollution - EcoPro\",\"isPartOf\":{\"@id\":\"https:\/\/ecopro.ee\/#website\"},\"datePublished\":\"2022-01-19T14:23:10+00:00\",\"dateModified\":\"2024-03-14T14:02:51+00:00\",\"breadcrumb\":{\"@id\":\"https:\/\/www.ecopro.ee\/en\/elimination-of-environmental-pollution\/#breadcrumb\"},\"inLanguage\":\"en-US\",\"potentialAction\":[{\"@type\":\"ReadAction\",\"target\":[\"https:\/\/www.ecopro.ee\/en\/elimination-of-environmental-pollution\/\"]}]},{\"@type\":\"BreadcrumbList\",\"@id\":\"https:\/\/www.ecopro.ee\/en\/elimination-of-environmental-pollution\/#breadcrumb\",\"itemListElement\":[{\"@type\":\"ListItem\",\"position\":1,\"name\":\"Home\",\"item\":\"https:\/\/ecopro.ee\/en\/\"},{\"@type\":\"ListItem\",\"position\":2,\"name\":\"Elimination of environmental pollution\"}]},{\"@type\":\"WebSite\",\"@id\":\"https:\/\/ecopro.ee\/#website\",\"url\":\"https:\/\/ecopro.ee\/\",\"name\":\"EcoPro\",\"description\":\"Keskkonnareostuse likvideerimine ja ohtlike j\u00e4\u00e4tmete k\u00e4itlemine\",\"publisher\":{\"@id\":\"https:\/\/ecopro.ee\/#organization\"},\"potentialAction\":[{\"@type\":\"SearchAction\",\"target\":{\"@type\":\"EntryPoint\",\"urlTemplate\":\"https:\/\/ecopro.ee\/?s={search_term_string}\"},\"query-input\":\"required name=search_term_string\"}],\"inLanguage\":\"en-US\"},{\"@type\":\"Organization\",\"@id\":\"https:\/\/ecopro.ee\/#organization\",\"name\":\"EcoPro\",\"url\":\"https:\/\/ecopro.ee\/\",\"logo\":{\"@type\":\"ImageObject\",\"inLanguage\":\"en-US\",\"@id\":\"https:\/\/ecopro.ee\/#\/schema\/logo\/image\/\",\"url\":\"http:\/\/ecopro.ee\/wp-content\/uploads\/2021\/10\/black.svg\",\"contentUrl\":\"http:\/\/ecopro.ee\/wp-content\/uploads\/2021\/10\/black.svg\",\"width\":517,\"height\":128,\"caption\":\"EcoPro\"},\"image\":{\"@id\":\"https:\/\/ecopro.ee\/#\/schema\/logo\/image\/\"}}]}<\/script>\n<!-- \/ Yoast SEO plugin. -->","yoast_head_json":{"title":"Elimination of environmental pollution - EcoPro","robots":{"index":"index","follow":"follow","max-snippet":"max-snippet:-1","max-image-preview":"max-image-preview:large","max-video-preview":"max-video-preview:-1"},"canonical":"https:\/\/www.ecopro.ee\/en\/elimination-of-environmental-pollution\/","og_locale":"en_US","og_type":"article","og_title":"Elimination of environmental pollution - EcoPro","og_description":"Elimination of environmental pollution Lorem ipsum dolor sit amet, consectetur adipiscing elit. Aliquam maximus sed erat vel fermentum. Aenean urna purus, cursus id quam sit amet, pharetra cursus metus. Integer dictum convallis ex, a ornare ante gravida ac. Donec a ante ipsum. Praesent porta, nibh blandit rutrum scelerisque, arcu augue ullamcorper risus, nec placerat nulla &hellip; Elimination of environmental pollution Read More &raquo;","og_url":"https:\/\/www.ecopro.ee\/en\/elimination-of-environmental-pollution\/","og_site_name":"EcoPro","article_modified_time":"2024-03-14T14:02:51+00:00","twitter_card":"summary_large_image","twitter_misc":{"Est. reading time":"2 minutes"},"schema":{"@context":"https:\/\/schema.org","@graph":[{"@type":"WebPage","@id":"https:\/\/www.ecopro.ee\/en\/elimination-of-environmental-pollution\/","url":"https:\/\/www.ecopro.ee\/en\/elimination-of-environmental-pollution\/","name":"Elimination of environmental pollution - EcoPro","isPartOf":{"@id":"https:\/\/ecopro.ee\/#website"},"datePublished":"2022-01-19T14:23:10+00:00","dateModified":"2024-03-14T14:02:51+00:00","breadcrumb":{"@id":"https:\/\/www.ecopro.ee\/en\/elimination-of-environmental-pollution\/#breadcrumb"},"inLanguage":"en-US","potentialAction":[{"@type":"ReadAction","target":["https:\/\/www.ecopro.ee\/en\/elimination-of-environmental-pollution\/"]}]},{"@type":"BreadcrumbList","@id":"https:\/\/www.ecopro.ee\/en\/elimination-of-environmental-pollution\/#breadcrumb","itemListElement":[{"@type":"ListItem","position":1,"name":"Home","item":"https:\/\/ecopro.ee\/en\/"},{"@type":"ListItem","position":2,"name":"Elimination of environmental pollution"}]},{"@type":"WebSite","@id":"https:\/\/ecopro.ee\/#website","url":"https:\/\/ecopro.ee\/","name":"EcoPro","description":"Keskkonnareostuse likvideerimine ja ohtlike j\u00e4\u00e4tmete k\u00e4itlemine","publisher":{"@id":"https:\/\/ecopro.ee\/#organization"},"potentialAction":[{"@type":"SearchAction","target":{"@type":"EntryPoint","urlTemplate":"https:\/\/ecopro.ee\/?s={search_term_string}"},"query-input":"required name=search_term_string"}],"inLanguage":"en-US"},{"@type":"Organization","@id":"https:\/\/ecopro.ee\/#organization","name":"EcoPro","url":"https:\/\/ecopro.ee\/","logo":{"@type":"ImageObject","inLanguage":"en-US","@id":"https:\/\/ecopro.ee\/#\/schema\/logo\/image\/","url":"http:\/\/ecopro.ee\/wp-content\/uploads\/2021\/10\/black.svg","contentUrl":"http:\/\/ecopro.ee\/wp-content\/uploads\/2021\/10\/black.svg","width":517,"height":128,"caption":"EcoPro"},"image":{"@id":"https:\/\/ecopro.ee\/#\/schema\/logo\/image\/"}}]}},"_links":{"self":[{"href":"https:\/\/ecopro.ee\/en\/wp-json\/wp\/v2\/pages\/985","targetHints":{"allow":["GET"]}}],"collection":[{"href":"https:\/\/ecopro.ee\/en\/wp-json\/wp\/v2\/pages"}],"about":[{"href":"https:\/\/ecopro.ee\/en\/wp-json\/wp\/v2\/types\/page"}],"author":[{"embeddable":true,"href":"https:\/\/ecopro.ee\/en\/wp-json\/wp\/v2\/users\/1"}],"replies":[{"embeddable":true,"href":"https:\/\/ecopro.ee\/en\/wp-json\/wp\/v2\/comments?post=985"}],"version-history":[{"count":5,"href":"https:\/\/ecopro.ee\/en\/wp-json\/wp\/v2\/pages\/985\/revisions"}],"predecessor-version":[{"id":1172,"href":"https:\/\/ecopro.ee\/en\/wp-json\/wp\/v2\/pages\/985\/revisions\/1172"}],"wp:attachment":[{"href":"https:\/\/ecopro.ee\/en\/wp-json\/wp\/v2\/media?parent=985"}],"curies":[{"name":"wp","href":"https:\/\/api.w.org\/{rel}","templated":true}]}}