{"id":871,"date":"2022-01-19T09:56:59","date_gmt":"2022-01-19T09:56:59","guid":{"rendered":"https:\/\/ecopro.vdisain.dev\/%d1%83%d1%81%d1%82%d1%80%d0%b0%d0%bd%d0%b5%d0%bd%d0%b8%d0%b5-%d0%b7%d0%b0%d0%b3%d1%80%d1%8f%d0%b7%d0%bd%d0%b5%d0%bd%d0%b8%d1%8f-%d0%be%d0%ba%d1%80%d1%83%d0%b6%d0%b0%d1%8e%d1%89%d0%b5%d0%b9-%d1%81\/"},"modified":"2024-04-15T16:59:33","modified_gmt":"2024-04-15T13:59:33","slug":"%d1%83%d1%81%d1%82%d1%80%d0%b0%d0%bd%d0%b5%d0%bd%d0%b8%d0%b5-%d0%b7%d0%b0%d0%b3%d1%80%d1%8f%d0%b7%d0%bd%d0%b5%d0%bd%d0%b8%d1%8f-%d0%be%d0%ba%d1%80%d1%83%d0%b6%d0%b0%d1%8e%d1%89%d0%b5%d0%b9-%d1%81","status":"publish","type":"page","link":"https:\/\/ecopro.ee\/ru\/%d1%83%d1%81%d1%82%d1%80%d0%b0%d0%bd%d0%b5%d0%bd%d0%b8%d0%b5-%d0%b7%d0%b0%d0%b3%d1%80%d1%8f%d0%b7%d0%bd%d0%b5%d0%bd%d0%b8%d1%8f-%d0%be%d0%ba%d1%80%d1%83%d0%b6%d0%b0%d1%8e%d1%89%d0%b5%d0%b9-%d1%81\/","title":{"rendered":"\u0423\u0441\u0442\u0440\u0430\u043d\u0435\u043d\u0438\u0435 \u0437\u0430\u0433\u0440\u044f\u0437\u043d\u0435\u043d\u0438\u044f \u043e\u043a\u0440\u0443\u0436\u0430\u044e\u0449\u0435\u0439 \u0441\u0440\u0435\u0434\u044b"},"content":{"rendered":"\t\t<div data-elementor-type=\"wp-page\" data-elementor-id=\"871\" class=\"elementor elementor-871 elementor-287\" data-elementor-post-type=\"page\">\n\t\t\t\t\t\t\t\t\t<section class=\"elementor-section elementor-top-section elementor-element elementor-element-b315c47 elementor-section-boxed elementor-section-height-default elementor-section-height-default\" data-id=\"b315c47\" data-element_type=\"section\" data-settings=\"{&quot;background_background&quot;:&quot;classic&quot;}\">\n\t\t\t\t\t\t\t<div class=\"elementor-background-overlay\"><\/div>\n\t\t\t\t\t\t\t<div class=\"elementor-container elementor-column-gap-default\">\n\t\t\t\t\t<div class=\"elementor-column elementor-col-100 elementor-top-column elementor-element elementor-element-d82d971\" data-id=\"d82d971\" data-element_type=\"column\">\n\t\t\t<div class=\"elementor-widget-wrap elementor-element-populated\">\n\t\t\t\t\t\t\t\t<div class=\"elementor-element elementor-element-4293705 elementor-widget elementor-widget-heading\" data-id=\"4293705\" data-element_type=\"widget\" data-widget_type=\"heading.default\">\n\t\t\t\t<div class=\"elementor-widget-container\">\n\t\t\t<h2 class=\"elementor-heading-title elementor-size-default\">\u0423\u0441\u0442\u0440\u0430\u043d\u0435\u043d\u0438\u0435 \u0437\u0430\u0433\u0440\u044f\u0437\u043d\u0435\u043d\u0438\u044f \u043e\u043a\u0440\u0443\u0436\u0430\u044e\u0449\u0435\u0439 \u0441\u0440\u0435\u0434\u044b<\/h2>\t\t<\/div>\n\t\t\t\t<\/div>\n\t\t\t\t\t<\/div>\n\t\t<\/div>\n\t\t\t\t\t\t\t<\/div>\n\t\t<\/section>\n\t\t\t\t<section class=\"elementor-section elementor-top-section elementor-element elementor-element-aca5248 elementor-section-boxed elementor-section-height-default elementor-section-height-default\" data-id=\"aca5248\" data-element_type=\"section\">\n\t\t\t\t\t\t<div class=\"elementor-container elementor-column-gap-default\">\n\t\t\t\t\t<div class=\"elementor-column elementor-col-100 elementor-top-column elementor-element elementor-element-5c9faaa\" data-id=\"5c9faaa\" data-element_type=\"column\">\n\t\t\t<div class=\"elementor-widget-wrap elementor-element-populated\">\n\t\t\t\t\t\t\t\t<div class=\"elementor-element elementor-element-fac47ce elementor-widget elementor-widget-spacer\" data-id=\"fac47ce\" data-element_type=\"widget\" data-widget_type=\"spacer.default\">\n\t\t\t\t<div class=\"elementor-widget-container\">\n\t\t\t\t\t<div class=\"elementor-spacer\">\n\t\t\t<div class=\"elementor-spacer-inner\"><\/div>\n\t\t<\/div>\n\t\t\t\t<\/div>\n\t\t\t\t<\/div>\n\t\t\t\t<div class=\"elementor-element elementor-element-c74a01b elementor-widget elementor-widget-text-editor\" data-id=\"c74a01b\" data-element_type=\"widget\" data-widget_type=\"text-editor.default\">\n\t\t\t\t<div class=\"elementor-widget-container\">\n\t\t\t\t\t\t\t\u041f\u0440\u043e\u0432\u043e\u0434\u0438\u043c \u044d\u043a\u043e\u043b\u043e\u0433\u0438\u0447\u0435\u0441\u043a\u0438\u0435 \u0438\u0441\u0441\u043b\u0435\u0434\u043e\u0432\u0430\u043d\u0438\u044f, \u0440\u0430\u0431\u043e\u0442\u044b \u043f\u043e \u0443\u0441\u0442\u0440\u0430\u043d\u0435\u043d\u0438\u044e \u0437\u0430\u0433\u0440\u044f\u0437\u043d\u0435\u043d\u0438\u0439, \u044d\u043a\u043e\u043b\u043e\u0433\u0438\u0447\u0435\u0441\u043a\u0438\u0439 \u043c\u043e\u043d\u0438\u0442\u043e\u0440\u0438\u043d\u0433.\n\u041e\u0431\u044a\u0435\u043a\u0442\u0430\u043c\u0438 \u0431\u044b\u043b\u0438 \u0441\u0442\u0430\u0440\u044b\u0435 \u043a\u043e\u0442\u0435\u043b\u044c\u043d\u044b\u0435, \u0441\u0442\u0430\u0440\u044b\u0435 \u043c\u0430\u0437\u0443\u0442\u043d\u044b\u0435 \u0442\u0435\u0440\u043c\u0438\u043d\u0430\u043b\u044b \u0438 \u0442.\u0434.\n\u041c\u044b \u0442\u0430\u043a\u0436\u0435 \u043f\u0440\u0435\u0434\u043b\u0430\u0433\u0430\u0435\u043c \u043d\u0430\u0448\u0438\u043c \u043a\u043b\u0438\u0435\u043d\u0442\u0430\u043c \u0442\u0430\u043a \u043d\u0430\u0437\u044b\u0432\u0430\u0435\u043c\u044b\u0439 \u0441\u0435\u0440\u0432\u0438\u0441 \u00ab\u043f\u043e\u0434 \u043a\u043b\u044e\u0447\u00bb, \u043e\u0442 \u0438\u0441\u0441\u043b\u0435\u0434\u043e\u0432\u0430\u043d\u0438\u044f \u0434\u043e \u043b\u0438\u043a\u0432\u0438\u0434\u0430\u0446\u0438\u0438.\t\t\t\t\t\t<\/div>\n\t\t\t\t<\/div>\n\t\t\t\t\t<\/div>\n\t\t<\/div>\n\t\t\t\t\t\t\t<\/div>\n\t\t<\/section>\n\t\t\t\t\t\t\t<\/div>\n\t\t","protected":false},"excerpt":{"rendered":"<p>\u0423\u0441\u0442\u0440\u0430\u043d\u0435\u043d\u0438\u0435 \u0437\u0430\u0433\u0440\u044f\u0437\u043d\u0435\u043d\u0438\u044f \u043e\u043a\u0440\u0443\u0436\u0430\u044e\u0449\u0435\u0439 \u0441\u0440\u0435\u0434\u044b \u041f\u0440\u043e\u0432\u043e\u0434\u0438\u043c \u044d\u043a\u043e\u043b\u043e\u0433\u0438\u0447\u0435\u0441\u043a\u0438\u0435 \u0438\u0441\u0441\u043b\u0435\u0434\u043e\u0432\u0430\u043d\u0438\u044f, \u0440\u0430\u0431\u043e\u0442\u044b \u043f\u043e \u0443\u0441\u0442\u0440\u0430\u043d\u0435\u043d\u0438\u044e \u0437\u0430\u0433\u0440\u044f\u0437\u043d\u0435\u043d\u0438\u0439, \u044d\u043a\u043e\u043b\u043e\u0433\u0438\u0447\u0435\u0441\u043a\u0438\u0439 \u043c\u043e\u043d\u0438\u0442\u043e\u0440\u0438\u043d\u0433. \u041e\u0431\u044a\u0435\u043a\u0442\u0430\u043c\u0438 \u0431\u044b\u043b\u0438 \u0441\u0442\u0430\u0440\u044b\u0435 \u043a\u043e\u0442\u0435\u043b\u044c\u043d\u044b\u0435, \u0441\u0442\u0430\u0440\u044b\u0435 \u043c\u0430\u0437\u0443\u0442\u043d\u044b\u0435 \u0442\u0435\u0440\u043c\u0438\u043d\u0430\u043b\u044b \u0438 \u0442.\u0434. \u041c\u044b \u0442\u0430\u043a\u0436\u0435 \u043f\u0440\u0435\u0434\u043b\u0430\u0433\u0430\u0435\u043c \u043d\u0430\u0448\u0438\u043c \u043a\u043b\u0438\u0435\u043d\u0442\u0430\u043c \u0442\u0430\u043a \u043d\u0430\u0437\u044b\u0432\u0430\u0435\u043c\u044b\u0439 \u0441\u0435\u0440\u0432\u0438\u0441 \u00ab\u043f\u043e\u0434 \u043a\u043b\u044e\u0447\u00bb, \u043e\u0442 \u0438\u0441\u0441\u043b\u0435\u0434\u043e\u0432\u0430\u043d\u0438\u044f \u0434\u043e \u043b\u0438\u043a\u0432\u0438\u0434\u0430\u0446\u0438\u0438.<\/p>\n","protected":false},"author":1,"featured_media":0,"parent":0,"menu_order":0,"comment_status":"closed","ping_status":"closed","template":"","meta":{"inline_featured_image":false,"site-sidebar-layout":"no-sidebar","site-content-layout":"page-builder","ast-global-header-display":"","ast-main-header-display":"","ast-hfb-above-header-display":"","ast-hfb-below-header-display":"","ast-hfb-mobile-header-display":"","site-post-title":"disabled","ast-breadcrumbs-content":"","ast-featured-img":"disabled","footer-sml-layout":"","theme-transparent-header-meta":"default","adv-header-id-meta":"","stick-header-meta":"","header-above-stick-meta":"","header-main-stick-meta":"","header-below-stick-meta":"","footnotes":""},"class_list":["post-871","page","type-page","status-publish","hentry"],"yoast_head":"<!-- This site is optimized with the Yoast SEO plugin v21.5 - https:\/\/yoast.com\/wordpress\/plugins\/seo\/ -->\n<title>\u0423\u0441\u0442\u0440\u0430\u043d\u0435\u043d\u0438\u0435 \u0437\u0430\u0433\u0440\u044f\u0437\u043d\u0435\u043d\u0438\u044f \u043e\u043a\u0440\u0443\u0436\u0430\u044e\u0449\u0435\u0439 \u0441\u0440\u0435\u0434\u044b - EcoPro<\/title>\n<meta name=\"robots\" content=\"index, follow, max-snippet:-1, max-image-preview:large, max-video-preview:-1\" \/>\n<link rel=\"canonical\" href=\"https:\/\/ecopro.ee\/ru\/\u0443\u0441\u0442\u0440\u0430\u043d\u0435\u043d\u0438\u0435-\u0437\u0430\u0433\u0440\u044f\u0437\u043d\u0435\u043d\u0438\u044f-\u043e\u043a\u0440\u0443\u0436\u0430\u044e\u0449\u0435\u0439-\u0441\/\" \/>\n<meta property=\"og:locale\" content=\"ru_RU\" \/>\n<meta property=\"og:type\" content=\"article\" \/>\n<meta property=\"og:title\" content=\"\u0423\u0441\u0442\u0440\u0430\u043d\u0435\u043d\u0438\u0435 \u0437\u0430\u0433\u0440\u044f\u0437\u043d\u0435\u043d\u0438\u044f \u043e\u043a\u0440\u0443\u0436\u0430\u044e\u0449\u0435\u0439 \u0441\u0440\u0435\u0434\u044b - EcoPro\" \/>\n<meta property=\"og:description\" content=\"\u0423\u0441\u0442\u0440\u0430\u043d\u0435\u043d\u0438\u0435 \u0437\u0430\u0433\u0440\u044f\u0437\u043d\u0435\u043d\u0438\u044f \u043e\u043a\u0440\u0443\u0436\u0430\u044e\u0449\u0435\u0439 \u0441\u0440\u0435\u0434\u044b \u041f\u0440\u043e\u0432\u043e\u0434\u0438\u043c \u044d\u043a\u043e\u043b\u043e\u0433\u0438\u0447\u0435\u0441\u043a\u0438\u0435 \u0438\u0441\u0441\u043b\u0435\u0434\u043e\u0432\u0430\u043d\u0438\u044f, \u0440\u0430\u0431\u043e\u0442\u044b \u043f\u043e \u0443\u0441\u0442\u0440\u0430\u043d\u0435\u043d\u0438\u044e \u0437\u0430\u0433\u0440\u044f\u0437\u043d\u0435\u043d\u0438\u0439, \u044d\u043a\u043e\u043b\u043e\u0433\u0438\u0447\u0435\u0441\u043a\u0438\u0439 \u043c\u043e\u043d\u0438\u0442\u043e\u0440\u0438\u043d\u0433. \u041e\u0431\u044a\u0435\u043a\u0442\u0430\u043c\u0438 \u0431\u044b\u043b\u0438 \u0441\u0442\u0430\u0440\u044b\u0435 \u043a\u043e\u0442\u0435\u043b\u044c\u043d\u044b\u0435, \u0441\u0442\u0430\u0440\u044b\u0435 \u043c\u0430\u0437\u0443\u0442\u043d\u044b\u0435 \u0442\u0435\u0440\u043c\u0438\u043d\u0430\u043b\u044b \u0438 \u0442.\u0434. \u041c\u044b \u0442\u0430\u043a\u0436\u0435 \u043f\u0440\u0435\u0434\u043b\u0430\u0433\u0430\u0435\u043c \u043d\u0430\u0448\u0438\u043c \u043a\u043b\u0438\u0435\u043d\u0442\u0430\u043c \u0442\u0430\u043a \u043d\u0430\u0437\u044b\u0432\u0430\u0435\u043c\u044b\u0439 \u0441\u0435\u0440\u0432\u0438\u0441 \u00ab\u043f\u043e\u0434 \u043a\u043b\u044e\u0447\u00bb, \u043e\u0442 \u0438\u0441\u0441\u043b\u0435\u0434\u043e\u0432\u0430\u043d\u0438\u044f \u0434\u043e \u043b\u0438\u043a\u0432\u0438\u0434\u0430\u0446\u0438\u0438.\" \/>\n<meta property=\"og:url\" content=\"https:\/\/ecopro.ee\/ru\/\u0443\u0441\u0442\u0440\u0430\u043d\u0435\u043d\u0438\u0435-\u0437\u0430\u0433\u0440\u044f\u0437\u043d\u0435\u043d\u0438\u044f-\u043e\u043a\u0440\u0443\u0436\u0430\u044e\u0449\u0435\u0439-\u0441\/\" \/>\n<meta property=\"og:site_name\" content=\"EcoPro\" \/>\n<meta property=\"article:modified_time\" content=\"2024-04-15T13:59:33+00:00\" \/>\n<meta name=\"twitter:card\" content=\"summary_large_image\" \/>\n<meta name=\"twitter:label1\" content=\"Est. reading time\" \/>\n\t<meta name=\"twitter:data1\" content=\"1 minute\" \/>\n<script type=\"application\/ld+json\" class=\"yoast-schema-graph\">{\"@context\":\"https:\/\/schema.org\",\"@graph\":[{\"@type\":\"WebPage\",\"@id\":\"https:\/\/ecopro.ee\/ru\/%d1%83%d1%81%d1%82%d1%80%d0%b0%d0%bd%d0%b5%d0%bd%d0%b8%d0%b5-%d0%b7%d0%b0%d0%b3%d1%80%d1%8f%d0%b7%d0%bd%d0%b5%d0%bd%d0%b8%d1%8f-%d0%be%d0%ba%d1%80%d1%83%d0%b6%d0%b0%d1%8e%d1%89%d0%b5%d0%b9-%d1%81\/\",\"url\":\"https:\/\/ecopro.ee\/ru\/%d1%83%d1%81%d1%82%d1%80%d0%b0%d0%bd%d0%b5%d0%bd%d0%b8%d0%b5-%d0%b7%d0%b0%d0%b3%d1%80%d1%8f%d0%b7%d0%bd%d0%b5%d0%bd%d0%b8%d1%8f-%d0%be%d0%ba%d1%80%d1%83%d0%b6%d0%b0%d1%8e%d1%89%d0%b5%d0%b9-%d1%81\/\",\"name\":\"\u0423\u0441\u0442\u0440\u0430\u043d\u0435\u043d\u0438\u0435 \u0437\u0430\u0433\u0440\u044f\u0437\u043d\u0435\u043d\u0438\u044f \u043e\u043a\u0440\u0443\u0436\u0430\u044e\u0449\u0435\u0439 \u0441\u0440\u0435\u0434\u044b - EcoPro\",\"isPartOf\":{\"@id\":\"https:\/\/www.ecopro.ee\/#website\"},\"datePublished\":\"2022-01-19T09:56:59+00:00\",\"dateModified\":\"2024-04-15T13:59:33+00:00\",\"breadcrumb\":{\"@id\":\"https:\/\/ecopro.ee\/ru\/%d1%83%d1%81%d1%82%d1%80%d0%b0%d0%bd%d0%b5%d0%bd%d0%b8%d0%b5-%d0%b7%d0%b0%d0%b3%d1%80%d1%8f%d0%b7%d0%bd%d0%b5%d0%bd%d0%b8%d1%8f-%d0%be%d0%ba%d1%80%d1%83%d0%b6%d0%b0%d1%8e%d1%89%d0%b5%d0%b9-%d1%81\/#breadcrumb\"},\"inLanguage\":\"ru-RU\",\"potentialAction\":[{\"@type\":\"ReadAction\",\"target\":[\"https:\/\/ecopro.ee\/ru\/%d1%83%d1%81%d1%82%d1%80%d0%b0%d0%bd%d0%b5%d0%bd%d0%b8%d0%b5-%d0%b7%d0%b0%d0%b3%d1%80%d1%8f%d0%b7%d0%bd%d0%b5%d0%bd%d0%b8%d1%8f-%d0%be%d0%ba%d1%80%d1%83%d0%b6%d0%b0%d1%8e%d1%89%d0%b5%d0%b9-%d1%81\/\"]}]},{\"@type\":\"BreadcrumbList\",\"@id\":\"https:\/\/ecopro.ee\/ru\/%d1%83%d1%81%d1%82%d1%80%d0%b0%d0%bd%d0%b5%d0%bd%d0%b8%d0%b5-%d0%b7%d0%b0%d0%b3%d1%80%d1%8f%d0%b7%d0%bd%d0%b5%d0%bd%d0%b8%d1%8f-%d0%be%d0%ba%d1%80%d1%83%d0%b6%d0%b0%d1%8e%d1%89%d0%b5%d0%b9-%d1%81\/#breadcrumb\",\"itemListElement\":[{\"@type\":\"ListItem\",\"position\":1,\"name\":\"Home\",\"item\":\"https:\/\/ecopro.ee\/ru\/\"},{\"@type\":\"ListItem\",\"position\":2,\"name\":\"\u0423\u0441\u0442\u0440\u0430\u043d\u0435\u043d\u0438\u0435 \u0437\u0430\u0433\u0440\u044f\u0437\u043d\u0435\u043d\u0438\u044f \u043e\u043a\u0440\u0443\u0436\u0430\u044e\u0449\u0435\u0439 \u0441\u0440\u0435\u0434\u044b\"}]},{\"@type\":\"WebSite\",\"@id\":\"https:\/\/www.ecopro.ee\/#website\",\"url\":\"https:\/\/www.ecopro.ee\/\",\"name\":\"EcoPro\",\"description\":\"Keskkonnareostuse likvideerimine ja ohtlike j\u00e4\u00e4tmete k\u00e4itlemine\",\"publisher\":{\"@id\":\"https:\/\/www.ecopro.ee\/#organization\"},\"potentialAction\":[{\"@type\":\"SearchAction\",\"target\":{\"@type\":\"EntryPoint\",\"urlTemplate\":\"https:\/\/www.ecopro.ee\/?s={search_term_string}\"},\"query-input\":\"required name=search_term_string\"}],\"inLanguage\":\"ru-RU\"},{\"@type\":\"Organization\",\"@id\":\"https:\/\/www.ecopro.ee\/#organization\",\"name\":\"EcoPro\",\"url\":\"https:\/\/www.ecopro.ee\/\",\"logo\":{\"@type\":\"ImageObject\",\"inLanguage\":\"ru-RU\",\"@id\":\"https:\/\/www.ecopro.ee\/#\/schema\/logo\/image\/\",\"url\":\"http:\/\/ecopro.ee\/wp-content\/uploads\/2021\/10\/black.svg\",\"contentUrl\":\"http:\/\/ecopro.ee\/wp-content\/uploads\/2021\/10\/black.svg\",\"width\":517,\"height\":128,\"caption\":\"EcoPro\"},\"image\":{\"@id\":\"https:\/\/www.ecopro.ee\/#\/schema\/logo\/image\/\"}}]}<\/script>\n<!-- \/ Yoast SEO plugin. -->","yoast_head_json":{"title":"\u0423\u0441\u0442\u0440\u0430\u043d\u0435\u043d\u0438\u0435 \u0437\u0430\u0433\u0440\u044f\u0437\u043d\u0435\u043d\u0438\u044f \u043e\u043a\u0440\u0443\u0436\u0430\u044e\u0449\u0435\u0439 \u0441\u0440\u0435\u0434\u044b - EcoPro","robots":{"index":"index","follow":"follow","max-snippet":"max-snippet:-1","max-image-preview":"max-image-preview:large","max-video-preview":"max-video-preview:-1"},"canonical":"https:\/\/ecopro.ee\/ru\/\u0443\u0441\u0442\u0440\u0430\u043d\u0435\u043d\u0438\u0435-\u0437\u0430\u0433\u0440\u044f\u0437\u043d\u0435\u043d\u0438\u044f-\u043e\u043a\u0440\u0443\u0436\u0430\u044e\u0449\u0435\u0439-\u0441\/","og_locale":"ru_RU","og_type":"article","og_title":"\u0423\u0441\u0442\u0440\u0430\u043d\u0435\u043d\u0438\u0435 \u0437\u0430\u0433\u0440\u044f\u0437\u043d\u0435\u043d\u0438\u044f \u043e\u043a\u0440\u0443\u0436\u0430\u044e\u0449\u0435\u0439 \u0441\u0440\u0435\u0434\u044b - EcoPro","og_description":"\u0423\u0441\u0442\u0440\u0430\u043d\u0435\u043d\u0438\u0435 \u0437\u0430\u0433\u0440\u044f\u0437\u043d\u0435\u043d\u0438\u044f \u043e\u043a\u0440\u0443\u0436\u0430\u044e\u0449\u0435\u0439 \u0441\u0440\u0435\u0434\u044b \u041f\u0440\u043e\u0432\u043e\u0434\u0438\u043c \u044d\u043a\u043e\u043b\u043e\u0433\u0438\u0447\u0435\u0441\u043a\u0438\u0435 \u0438\u0441\u0441\u043b\u0435\u0434\u043e\u0432\u0430\u043d\u0438\u044f, \u0440\u0430\u0431\u043e\u0442\u044b \u043f\u043e \u0443\u0441\u0442\u0440\u0430\u043d\u0435\u043d\u0438\u044e \u0437\u0430\u0433\u0440\u044f\u0437\u043d\u0435\u043d\u0438\u0439, \u044d\u043a\u043e\u043b\u043e\u0433\u0438\u0447\u0435\u0441\u043a\u0438\u0439 \u043c\u043e\u043d\u0438\u0442\u043e\u0440\u0438\u043d\u0433. \u041e\u0431\u044a\u0435\u043a\u0442\u0430\u043c\u0438 \u0431\u044b\u043b\u0438 \u0441\u0442\u0430\u0440\u044b\u0435 \u043a\u043e\u0442\u0435\u043b\u044c\u043d\u044b\u0435, \u0441\u0442\u0430\u0440\u044b\u0435 \u043c\u0430\u0437\u0443\u0442\u043d\u044b\u0435 \u0442\u0435\u0440\u043c\u0438\u043d\u0430\u043b\u044b \u0438 \u0442.\u0434. \u041c\u044b \u0442\u0430\u043a\u0436\u0435 \u043f\u0440\u0435\u0434\u043b\u0430\u0433\u0430\u0435\u043c \u043d\u0430\u0448\u0438\u043c \u043a\u043b\u0438\u0435\u043d\u0442\u0430\u043c \u0442\u0430\u043a \u043d\u0430\u0437\u044b\u0432\u0430\u0435\u043c\u044b\u0439 \u0441\u0435\u0440\u0432\u0438\u0441 \u00ab\u043f\u043e\u0434 \u043a\u043b\u044e\u0447\u00bb, \u043e\u0442 \u0438\u0441\u0441\u043b\u0435\u0434\u043e\u0432\u0430\u043d\u0438\u044f \u0434\u043e \u043b\u0438\u043a\u0432\u0438\u0434\u0430\u0446\u0438\u0438.","og_url":"https:\/\/ecopro.ee\/ru\/\u0443\u0441\u0442\u0440\u0430\u043d\u0435\u043d\u0438\u0435-\u0437\u0430\u0433\u0440\u044f\u0437\u043d\u0435\u043d\u0438\u044f-\u043e\u043a\u0440\u0443\u0436\u0430\u044e\u0449\u0435\u0439-\u0441\/","og_site_name":"EcoPro","article_modified_time":"2024-04-15T13:59:33+00:00","twitter_card":"summary_large_image","twitter_misc":{"Est. reading time":"1 minute"},"schema":{"@context":"https:\/\/schema.org","@graph":[{"@type":"WebPage","@id":"https:\/\/ecopro.ee\/ru\/%d1%83%d1%81%d1%82%d1%80%d0%b0%d0%bd%d0%b5%d0%bd%d0%b8%d0%b5-%d0%b7%d0%b0%d0%b3%d1%80%d1%8f%d0%b7%d0%bd%d0%b5%d0%bd%d0%b8%d1%8f-%d0%be%d0%ba%d1%80%d1%83%d0%b6%d0%b0%d1%8e%d1%89%d0%b5%d0%b9-%d1%81\/","url":"https:\/\/ecopro.ee\/ru\/%d1%83%d1%81%d1%82%d1%80%d0%b0%d0%bd%d0%b5%d0%bd%d0%b8%d0%b5-%d0%b7%d0%b0%d0%b3%d1%80%d1%8f%d0%b7%d0%bd%d0%b5%d0%bd%d0%b8%d1%8f-%d0%be%d0%ba%d1%80%d1%83%d0%b6%d0%b0%d1%8e%d1%89%d0%b5%d0%b9-%d1%81\/","name":"\u0423\u0441\u0442\u0440\u0430\u043d\u0435\u043d\u0438\u0435 \u0437\u0430\u0433\u0440\u044f\u0437\u043d\u0435\u043d\u0438\u044f \u043e\u043a\u0440\u0443\u0436\u0430\u044e\u0449\u0435\u0439 \u0441\u0440\u0435\u0434\u044b - EcoPro","isPartOf":{"@id":"https:\/\/www.ecopro.ee\/#website"},"datePublished":"2022-01-19T09:56:59+00:00","dateModified":"2024-04-15T13:59:33+00:00","breadcrumb":{"@id":"https:\/\/ecopro.ee\/ru\/%d1%83%d1%81%d1%82%d1%80%d0%b0%d0%bd%d0%b5%d0%bd%d0%b8%d0%b5-%d0%b7%d0%b0%d0%b3%d1%80%d1%8f%d0%b7%d0%bd%d0%b5%d0%bd%d0%b8%d1%8f-%d0%be%d0%ba%d1%80%d1%83%d0%b6%d0%b0%d1%8e%d1%89%d0%b5%d0%b9-%d1%81\/#breadcrumb"},"inLanguage":"ru-RU","potentialAction":[{"@type":"ReadAction","target":["https:\/\/ecopro.ee\/ru\/%d1%83%d1%81%d1%82%d1%80%d0%b0%d0%bd%d0%b5%d0%bd%d0%b8%d0%b5-%d0%b7%d0%b0%d0%b3%d1%80%d1%8f%d0%b7%d0%bd%d0%b5%d0%bd%d0%b8%d1%8f-%d0%be%d0%ba%d1%80%d1%83%d0%b6%d0%b0%d1%8e%d1%89%d0%b5%d0%b9-%d1%81\/"]}]},{"@type":"BreadcrumbList","@id":"https:\/\/ecopro.ee\/ru\/%d1%83%d1%81%d1%82%d1%80%d0%b0%d0%bd%d0%b5%d0%bd%d0%b8%d0%b5-%d0%b7%d0%b0%d0%b3%d1%80%d1%8f%d0%b7%d0%bd%d0%b5%d0%bd%d0%b8%d1%8f-%d0%be%d0%ba%d1%80%d1%83%d0%b6%d0%b0%d1%8e%d1%89%d0%b5%d0%b9-%d1%81\/#breadcrumb","itemListElement":[{"@type":"ListItem","position":1,"name":"Home","item":"https:\/\/ecopro.ee\/ru\/"},{"@type":"ListItem","position":2,"name":"\u0423\u0441\u0442\u0440\u0430\u043d\u0435\u043d\u0438\u0435 \u0437\u0430\u0433\u0440\u044f\u0437\u043d\u0435\u043d\u0438\u044f \u043e\u043a\u0440\u0443\u0436\u0430\u044e\u0449\u0435\u0439 \u0441\u0440\u0435\u0434\u044b"}]},{"@type":"WebSite","@id":"https:\/\/www.ecopro.ee\/#website","url":"https:\/\/www.ecopro.ee\/","name":"EcoPro","description":"Keskkonnareostuse likvideerimine ja ohtlike j\u00e4\u00e4tmete k\u00e4itlemine","publisher":{"@id":"https:\/\/www.ecopro.ee\/#organization"},"potentialAction":[{"@type":"SearchAction","target":{"@type":"EntryPoint","urlTemplate":"https:\/\/www.ecopro.ee\/?s={search_term_string}"},"query-input":"required name=search_term_string"}],"inLanguage":"ru-RU"},{"@type":"Organization","@id":"https:\/\/www.ecopro.ee\/#organization","name":"EcoPro","url":"https:\/\/www.ecopro.ee\/","logo":{"@type":"ImageObject","inLanguage":"ru-RU","@id":"https:\/\/www.ecopro.ee\/#\/schema\/logo\/image\/","url":"http:\/\/ecopro.ee\/wp-content\/uploads\/2021\/10\/black.svg","contentUrl":"http:\/\/ecopro.ee\/wp-content\/uploads\/2021\/10\/black.svg","width":517,"height":128,"caption":"EcoPro"},"image":{"@id":"https:\/\/www.ecopro.ee\/#\/schema\/logo\/image\/"}}]}},"_links":{"self":[{"href":"https:\/\/ecopro.ee\/ru\/wp-json\/wp\/v2\/pages\/871","targetHints":{"allow":["GET"]}}],"collection":[{"href":"https:\/\/ecopro.ee\/ru\/wp-json\/wp\/v2\/pages"}],"about":[{"href":"https:\/\/ecopro.ee\/ru\/wp-json\/wp\/v2\/types\/page"}],"author":[{"embeddable":true,"href":"https:\/\/ecopro.ee\/ru\/wp-json\/wp\/v2\/users\/1"}],"replies":[{"embeddable":true,"href":"https:\/\/ecopro.ee\/ru\/wp-json\/wp\/v2\/comments?post=871"}],"version-history":[{"count":5,"href":"https:\/\/ecopro.ee\/ru\/wp-json\/wp\/v2\/pages\/871\/revisions"}],"predecessor-version":[{"id":1031,"href":"https:\/\/ecopro.ee\/ru\/wp-json\/wp\/v2\/pages\/871\/revisions\/1031"}],"wp:attachment":[{"href":"https:\/\/ecopro.ee\/ru\/wp-json\/wp\/v2\/media?parent=871"}],"curies":[{"name":"wp","href":"https:\/\/api.w.org\/{rel}","templated":true}]}}