{"id":873,"date":"2022-01-19T09:57:40","date_gmt":"2022-01-19T09:57:40","guid":{"rendered":"https:\/\/ecopro.vdisain.dev\/%d1%83%d0%bf%d1%80%d0%b0%d0%b2%d0%bb%d0%b5%d0%bd%d0%b8%d0%b5-%d0%be%d0%bf%d0%b0%d1%81%d0%bd%d1%8b%d0%bc%d0%b8-%d0%be%d1%82%d1%85%d0%be%d0%b4%d0%b0%d0%bc%d0%b8\/"},"modified":"2024-04-15T17:01:17","modified_gmt":"2024-04-15T14:01:17","slug":"%d1%83%d0%bf%d1%80%d0%b0%d0%b2%d0%bb%d0%b5%d0%bd%d0%b8%d0%b5-%d0%be%d0%bf%d0%b0%d1%81%d0%bd%d1%8b%d0%bc%d0%b8-%d0%be%d1%82%d1%85%d0%be%d0%b4%d0%b0%d0%bc%d0%b8","status":"publish","type":"page","link":"https:\/\/ecopro.ee\/ru\/%d1%83%d0%bf%d1%80%d0%b0%d0%b2%d0%bb%d0%b5%d0%bd%d0%b8%d0%b5-%d0%be%d0%bf%d0%b0%d1%81%d0%bd%d1%8b%d0%bc%d0%b8-%d0%be%d1%82%d1%85%d0%be%d0%b4%d0%b0%d0%bc%d0%b8\/","title":{"rendered":"\u0423\u043f\u0440\u0430\u0432\u043b\u0435\u043d\u0438\u0435 \u043e\u043f\u0430\u0441\u043d\u044b\u043c\u0438 \u043e\u0442\u0445\u043e\u0434\u0430\u043c\u0438"},"content":{"rendered":"\t\t<div data-elementor-type=\"wp-page\" data-elementor-id=\"873\" class=\"elementor elementor-873 elementor-289\" data-elementor-post-type=\"page\">\n\t\t\t\t\t\t\t\t\t<section class=\"elementor-section elementor-top-section elementor-element elementor-element-47cac6a elementor-section-boxed elementor-section-height-default elementor-section-height-default\" data-id=\"47cac6a\" data-element_type=\"section\" data-settings=\"{&quot;background_background&quot;:&quot;classic&quot;}\">\n\t\t\t\t\t\t\t<div class=\"elementor-background-overlay\"><\/div>\n\t\t\t\t\t\t\t<div class=\"elementor-container elementor-column-gap-default\">\n\t\t\t\t\t<div class=\"elementor-column elementor-col-100 elementor-top-column elementor-element elementor-element-57be2bb\" data-id=\"57be2bb\" data-element_type=\"column\">\n\t\t\t<div class=\"elementor-widget-wrap elementor-element-populated\">\n\t\t\t\t\t\t\t\t<div class=\"elementor-element elementor-element-1c64be1 elementor-widget elementor-widget-heading\" data-id=\"1c64be1\" data-element_type=\"widget\" data-widget_type=\"heading.default\">\n\t\t\t\t<div class=\"elementor-widget-container\">\n\t\t\t<h2 class=\"elementor-heading-title elementor-size-default\">\u0423\u043f\u0440\u0430\u0432\u043b\u0435\u043d\u0438\u0435 \u043e\u043f\u0430\u0441\u043d\u044b\u043c\u0438 \u043e\u0442\u0445\u043e\u0434\u0430\u043c\u0438<\/h2>\t\t<\/div>\n\t\t\t\t<\/div>\n\t\t\t\t\t<\/div>\n\t\t<\/div>\n\t\t\t\t\t\t\t<\/div>\n\t\t<\/section>\n\t\t\t\t<section class=\"elementor-section elementor-top-section elementor-element elementor-element-5786ab2 elementor-section-boxed elementor-section-height-default elementor-section-height-default\" data-id=\"5786ab2\" data-element_type=\"section\">\n\t\t\t\t\t\t<div class=\"elementor-container elementor-column-gap-default\">\n\t\t\t\t\t<div class=\"elementor-column elementor-col-100 elementor-top-column elementor-element elementor-element-ea1d405\" data-id=\"ea1d405\" data-element_type=\"column\">\n\t\t\t<div class=\"elementor-widget-wrap elementor-element-populated\">\n\t\t\t\t\t\t\t\t<div class=\"elementor-element elementor-element-4489bf3 elementor-widget elementor-widget-spacer\" data-id=\"4489bf3\" data-element_type=\"widget\" data-widget_type=\"spacer.default\">\n\t\t\t\t<div class=\"elementor-widget-container\">\n\t\t\t\t\t<div class=\"elementor-spacer\">\n\t\t\t<div class=\"elementor-spacer-inner\"><\/div>\n\t\t<\/div>\n\t\t\t\t<\/div>\n\t\t\t\t<\/div>\n\t\t\t\t<div class=\"elementor-element elementor-element-c0fe72f elementor-widget elementor-widget-text-editor\" data-id=\"c0fe72f\" data-element_type=\"widget\" data-widget_type=\"text-editor.default\">\n\t\t\t\t<div class=\"elementor-widget-container\">\n\t\t\t\t\t\t\t\u041c\u044b \u043f\u0440\u0438\u043d\u0438\u043c\u0430\u0435\u043c \u043a \u043e\u0431\u0440\u0430\u0449\u0435\u043d\u0438\u044e \u0432 \u043d\u0430\u0448\u0438\u0445 \u043e\u0447\u0438\u0441\u0442\u043d\u044b\u0445 \u0446\u0435\u043d\u0442\u0440\u0430\u0445 \u0432\u0438\u0434\u044b \u043e\u0442\u0445\u043e\u0434\u043e\u0432, \u0440\u0430\u0437\u0440\u0435\u0448\u0435\u043d\u043d\u044b\u0435 \u043d\u0430\u0448\u0438\u043c\u0438 \u044d\u043a\u043e\u043b\u043e\u0433\u0438\u0447\u0435\u0441\u043a\u0438\u043c\u0438 \u0440\u0430\u0437\u0440\u0435\u0448\u0435\u043d\u0438\u044f\u043c\u0438.\n\u041a\u043b\u0438\u0435\u043d\u0442\u0430\u043c\u0438 \u043c\u043e\u0433\u0443\u0442 \u0431\u044b\u0442\u044c \u043a\u043e\u043c\u043f\u0430\u043d\u0438\u0438. \u0427\u0430\u0441\u0442\u043d\u044b\u0435 \u043a\u043b\u0438\u0435\u043d\u0442\u044b \u0432 \u043f\u0440\u043e\u0446\u0435\u0441\u0441\u0438\u043d\u0433\u043e\u0432\u044b\u0445 \u0446\u0435\u043d\u0442\u0440\u0430\u0445 \u043d\u0435 \u043e\u0431\u0441\u043b\u0443\u0436\u0438\u0432\u0430\u044e\u0442\u0441\u044f.\n\u041d\u0430\u0439\u0434\u0438\u0442\u0435 \u0431\u043b\u0438\u0436\u0430\u0439\u0448\u0438\u0439 \u043a \u0432\u0430\u043c \u0446\u0435\u043d\u0442\u0440 \u043e\u0431\u0441\u043b\u0443\u0436\u0438\u0432\u0430\u043d\u0438\u044f \u0438 \u0441\u0432\u044f\u0436\u0438\u0442\u0435\u0441\u044c \u0441 \u043d\u0438\u043c.\t\t\t\t\t\t<\/div>\n\t\t\t\t<\/div>\n\t\t\t\t\t<\/div>\n\t\t<\/div>\n\t\t\t\t\t\t\t<\/div>\n\t\t<\/section>\n\t\t\t\t\t\t\t<\/div>\n\t\t","protected":false},"excerpt":{"rendered":"<p>\u0423\u043f\u0440\u0430\u0432\u043b\u0435\u043d\u0438\u0435 \u043e\u043f\u0430\u0441\u043d\u044b\u043c\u0438 \u043e\u0442\u0445\u043e\u0434\u0430\u043c\u0438 \u041c\u044b \u043f\u0440\u0438\u043d\u0438\u043c\u0430\u0435\u043c \u043a \u043e\u0431\u0440\u0430\u0449\u0435\u043d\u0438\u044e \u0432 \u043d\u0430\u0448\u0438\u0445 \u043e\u0447\u0438\u0441\u0442\u043d\u044b\u0445 \u0446\u0435\u043d\u0442\u0440\u0430\u0445 \u0432\u0438\u0434\u044b \u043e\u0442\u0445\u043e\u0434\u043e\u0432, \u0440\u0430\u0437\u0440\u0435\u0448\u0435\u043d\u043d\u044b\u0435 \u043d\u0430\u0448\u0438\u043c\u0438 \u044d\u043a\u043e\u043b\u043e\u0433\u0438\u0447\u0435\u0441\u043a\u0438\u043c\u0438 \u0440\u0430\u0437\u0440\u0435\u0448\u0435\u043d\u0438\u044f\u043c\u0438. \u041a\u043b\u0438\u0435\u043d\u0442\u0430\u043c\u0438 \u043c\u043e\u0433\u0443\u0442 \u0431\u044b\u0442\u044c \u043a\u043e\u043c\u043f\u0430\u043d\u0438\u0438. \u0427\u0430\u0441\u0442\u043d\u044b\u0435 \u043a\u043b\u0438\u0435\u043d\u0442\u044b \u0432 \u043f\u0440\u043e\u0446\u0435\u0441\u0441\u0438\u043d\u0433\u043e\u0432\u044b\u0445 \u0446\u0435\u043d\u0442\u0440\u0430\u0445 \u043d\u0435 \u043e\u0431\u0441\u043b\u0443\u0436\u0438\u0432\u0430\u044e\u0442\u0441\u044f. \u041d\u0430\u0439\u0434\u0438\u0442\u0435 \u0431\u043b\u0438\u0436\u0430\u0439\u0448\u0438\u0439 \u043a \u0432\u0430\u043c \u0446\u0435\u043d\u0442\u0440 \u043e\u0431\u0441\u043b\u0443\u0436\u0438\u0432\u0430\u043d\u0438\u044f \u0438 \u0441\u0432\u044f\u0436\u0438\u0442\u0435\u0441\u044c \u0441 \u043d\u0438\u043c.<\/p>\n","protected":false},"author":1,"featured_media":0,"parent":0,"menu_order":0,"comment_status":"closed","ping_status":"closed","template":"","meta":{"inline_featured_image":false,"site-sidebar-layout":"no-sidebar","site-content-layout":"page-builder","ast-global-header-display":"","ast-main-header-display":"","ast-hfb-above-header-display":"","ast-hfb-below-header-display":"","ast-hfb-mobile-header-display":"","site-post-title":"disabled","ast-breadcrumbs-content":"","ast-featured-img":"disabled","footer-sml-layout":"","theme-transparent-header-meta":"default","adv-header-id-meta":"","stick-header-meta":"","header-above-stick-meta":"","header-main-stick-meta":"","header-below-stick-meta":"","footnotes":""},"class_list":["post-873","page","type-page","status-publish","hentry"],"yoast_head":"<!-- This site is optimized with the Yoast SEO plugin v21.5 - https:\/\/yoast.com\/wordpress\/plugins\/seo\/ -->\n<title>\u0423\u043f\u0440\u0430\u0432\u043b\u0435\u043d\u0438\u0435 \u043e\u043f\u0430\u0441\u043d\u044b\u043c\u0438 \u043e\u0442\u0445\u043e\u0434\u0430\u043c\u0438 - EcoPro<\/title>\n<meta name=\"robots\" content=\"index, follow, max-snippet:-1, max-image-preview:large, max-video-preview:-1\" \/>\n<link rel=\"canonical\" href=\"https:\/\/ecopro.ee\/ru\/\u0443\u043f\u0440\u0430\u0432\u043b\u0435\u043d\u0438\u0435-\u043e\u043f\u0430\u0441\u043d\u044b\u043c\u0438-\u043e\u0442\u0445\u043e\u0434\u0430\u043c\u0438\/\" \/>\n<meta property=\"og:locale\" content=\"ru_RU\" \/>\n<meta property=\"og:type\" content=\"article\" \/>\n<meta property=\"og:title\" content=\"\u0423\u043f\u0440\u0430\u0432\u043b\u0435\u043d\u0438\u0435 \u043e\u043f\u0430\u0441\u043d\u044b\u043c\u0438 \u043e\u0442\u0445\u043e\u0434\u0430\u043c\u0438 - EcoPro\" \/>\n<meta property=\"og:description\" content=\"\u0423\u043f\u0440\u0430\u0432\u043b\u0435\u043d\u0438\u0435 \u043e\u043f\u0430\u0441\u043d\u044b\u043c\u0438 \u043e\u0442\u0445\u043e\u0434\u0430\u043c\u0438 \u041c\u044b \u043f\u0440\u0438\u043d\u0438\u043c\u0430\u0435\u043c \u043a \u043e\u0431\u0440\u0430\u0449\u0435\u043d\u0438\u044e \u0432 \u043d\u0430\u0448\u0438\u0445 \u043e\u0447\u0438\u0441\u0442\u043d\u044b\u0445 \u0446\u0435\u043d\u0442\u0440\u0430\u0445 \u0432\u0438\u0434\u044b \u043e\u0442\u0445\u043e\u0434\u043e\u0432, \u0440\u0430\u0437\u0440\u0435\u0448\u0435\u043d\u043d\u044b\u0435 \u043d\u0430\u0448\u0438\u043c\u0438 \u044d\u043a\u043e\u043b\u043e\u0433\u0438\u0447\u0435\u0441\u043a\u0438\u043c\u0438 \u0440\u0430\u0437\u0440\u0435\u0448\u0435\u043d\u0438\u044f\u043c\u0438. \u041a\u043b\u0438\u0435\u043d\u0442\u0430\u043c\u0438 \u043c\u043e\u0433\u0443\u0442 \u0431\u044b\u0442\u044c \u043a\u043e\u043c\u043f\u0430\u043d\u0438\u0438. \u0427\u0430\u0441\u0442\u043d\u044b\u0435 \u043a\u043b\u0438\u0435\u043d\u0442\u044b \u0432 \u043f\u0440\u043e\u0446\u0435\u0441\u0441\u0438\u043d\u0433\u043e\u0432\u044b\u0445 \u0446\u0435\u043d\u0442\u0440\u0430\u0445 \u043d\u0435 \u043e\u0431\u0441\u043b\u0443\u0436\u0438\u0432\u0430\u044e\u0442\u0441\u044f. \u041d\u0430\u0439\u0434\u0438\u0442\u0435 \u0431\u043b\u0438\u0436\u0430\u0439\u0448\u0438\u0439 \u043a \u0432\u0430\u043c \u0446\u0435\u043d\u0442\u0440 \u043e\u0431\u0441\u043b\u0443\u0436\u0438\u0432\u0430\u043d\u0438\u044f \u0438 \u0441\u0432\u044f\u0436\u0438\u0442\u0435\u0441\u044c \u0441 \u043d\u0438\u043c.\" \/>\n<meta property=\"og:url\" content=\"https:\/\/ecopro.ee\/ru\/\u0443\u043f\u0440\u0430\u0432\u043b\u0435\u043d\u0438\u0435-\u043e\u043f\u0430\u0441\u043d\u044b\u043c\u0438-\u043e\u0442\u0445\u043e\u0434\u0430\u043c\u0438\/\" \/>\n<meta property=\"og:site_name\" content=\"EcoPro\" \/>\n<meta property=\"article:modified_time\" content=\"2024-04-15T14:01:17+00:00\" \/>\n<meta name=\"twitter:card\" content=\"summary_large_image\" \/>\n<meta name=\"twitter:label1\" content=\"Est. reading time\" \/>\n\t<meta name=\"twitter:data1\" content=\"1 minute\" \/>\n<script type=\"application\/ld+json\" class=\"yoast-schema-graph\">{\"@context\":\"https:\/\/schema.org\",\"@graph\":[{\"@type\":\"WebPage\",\"@id\":\"https:\/\/ecopro.ee\/ru\/%d1%83%d0%bf%d1%80%d0%b0%d0%b2%d0%bb%d0%b5%d0%bd%d0%b8%d0%b5-%d0%be%d0%bf%d0%b0%d1%81%d0%bd%d1%8b%d0%bc%d0%b8-%d0%be%d1%82%d1%85%d0%be%d0%b4%d0%b0%d0%bc%d0%b8\/\",\"url\":\"https:\/\/ecopro.ee\/ru\/%d1%83%d0%bf%d1%80%d0%b0%d0%b2%d0%bb%d0%b5%d0%bd%d0%b8%d0%b5-%d0%be%d0%bf%d0%b0%d1%81%d0%bd%d1%8b%d0%bc%d0%b8-%d0%be%d1%82%d1%85%d0%be%d0%b4%d0%b0%d0%bc%d0%b8\/\",\"name\":\"\u0423\u043f\u0440\u0430\u0432\u043b\u0435\u043d\u0438\u0435 \u043e\u043f\u0430\u0441\u043d\u044b\u043c\u0438 \u043e\u0442\u0445\u043e\u0434\u0430\u043c\u0438 - EcoPro\",\"isPartOf\":{\"@id\":\"https:\/\/www.ecopro.ee\/#website\"},\"datePublished\":\"2022-01-19T09:57:40+00:00\",\"dateModified\":\"2024-04-15T14:01:17+00:00\",\"breadcrumb\":{\"@id\":\"https:\/\/ecopro.ee\/ru\/%d1%83%d0%bf%d1%80%d0%b0%d0%b2%d0%bb%d0%b5%d0%bd%d0%b8%d0%b5-%d0%be%d0%bf%d0%b0%d1%81%d0%bd%d1%8b%d0%bc%d0%b8-%d0%be%d1%82%d1%85%d0%be%d0%b4%d0%b0%d0%bc%d0%b8\/#breadcrumb\"},\"inLanguage\":\"ru-RU\",\"potentialAction\":[{\"@type\":\"ReadAction\",\"target\":[\"https:\/\/ecopro.ee\/ru\/%d1%83%d0%bf%d1%80%d0%b0%d0%b2%d0%bb%d0%b5%d0%bd%d0%b8%d0%b5-%d0%be%d0%bf%d0%b0%d1%81%d0%bd%d1%8b%d0%bc%d0%b8-%d0%be%d1%82%d1%85%d0%be%d0%b4%d0%b0%d0%bc%d0%b8\/\"]}]},{\"@type\":\"BreadcrumbList\",\"@id\":\"https:\/\/ecopro.ee\/ru\/%d1%83%d0%bf%d1%80%d0%b0%d0%b2%d0%bb%d0%b5%d0%bd%d0%b8%d0%b5-%d0%be%d0%bf%d0%b0%d1%81%d0%bd%d1%8b%d0%bc%d0%b8-%d0%be%d1%82%d1%85%d0%be%d0%b4%d0%b0%d0%bc%d0%b8\/#breadcrumb\",\"itemListElement\":[{\"@type\":\"ListItem\",\"position\":1,\"name\":\"Home\",\"item\":\"https:\/\/ecopro.ee\/ru\/\"},{\"@type\":\"ListItem\",\"position\":2,\"name\":\"\u0423\u043f\u0440\u0430\u0432\u043b\u0435\u043d\u0438\u0435 \u043e\u043f\u0430\u0441\u043d\u044b\u043c\u0438 \u043e\u0442\u0445\u043e\u0434\u0430\u043c\u0438\"}]},{\"@type\":\"WebSite\",\"@id\":\"https:\/\/www.ecopro.ee\/#website\",\"url\":\"https:\/\/www.ecopro.ee\/\",\"name\":\"EcoPro\",\"description\":\"Keskkonnareostuse likvideerimine ja ohtlike j\u00e4\u00e4tmete k\u00e4itlemine\",\"publisher\":{\"@id\":\"https:\/\/www.ecopro.ee\/#organization\"},\"potentialAction\":[{\"@type\":\"SearchAction\",\"target\":{\"@type\":\"EntryPoint\",\"urlTemplate\":\"https:\/\/www.ecopro.ee\/?s={search_term_string}\"},\"query-input\":\"required name=search_term_string\"}],\"inLanguage\":\"ru-RU\"},{\"@type\":\"Organization\",\"@id\":\"https:\/\/www.ecopro.ee\/#organization\",\"name\":\"EcoPro\",\"url\":\"https:\/\/www.ecopro.ee\/\",\"logo\":{\"@type\":\"ImageObject\",\"inLanguage\":\"ru-RU\",\"@id\":\"https:\/\/www.ecopro.ee\/#\/schema\/logo\/image\/\",\"url\":\"http:\/\/ecopro.ee\/wp-content\/uploads\/2021\/10\/black.svg\",\"contentUrl\":\"http:\/\/ecopro.ee\/wp-content\/uploads\/2021\/10\/black.svg\",\"width\":517,\"height\":128,\"caption\":\"EcoPro\"},\"image\":{\"@id\":\"https:\/\/www.ecopro.ee\/#\/schema\/logo\/image\/\"}}]}<\/script>\n<!-- \/ Yoast SEO plugin. -->","yoast_head_json":{"title":"\u0423\u043f\u0440\u0430\u0432\u043b\u0435\u043d\u0438\u0435 \u043e\u043f\u0430\u0441\u043d\u044b\u043c\u0438 \u043e\u0442\u0445\u043e\u0434\u0430\u043c\u0438 - EcoPro","robots":{"index":"index","follow":"follow","max-snippet":"max-snippet:-1","max-image-preview":"max-image-preview:large","max-video-preview":"max-video-preview:-1"},"canonical":"https:\/\/ecopro.ee\/ru\/\u0443\u043f\u0440\u0430\u0432\u043b\u0435\u043d\u0438\u0435-\u043e\u043f\u0430\u0441\u043d\u044b\u043c\u0438-\u043e\u0442\u0445\u043e\u0434\u0430\u043c\u0438\/","og_locale":"ru_RU","og_type":"article","og_title":"\u0423\u043f\u0440\u0430\u0432\u043b\u0435\u043d\u0438\u0435 \u043e\u043f\u0430\u0441\u043d\u044b\u043c\u0438 \u043e\u0442\u0445\u043e\u0434\u0430\u043c\u0438 - EcoPro","og_description":"\u0423\u043f\u0440\u0430\u0432\u043b\u0435\u043d\u0438\u0435 \u043e\u043f\u0430\u0441\u043d\u044b\u043c\u0438 \u043e\u0442\u0445\u043e\u0434\u0430\u043c\u0438 \u041c\u044b \u043f\u0440\u0438\u043d\u0438\u043c\u0430\u0435\u043c \u043a \u043e\u0431\u0440\u0430\u0449\u0435\u043d\u0438\u044e \u0432 \u043d\u0430\u0448\u0438\u0445 \u043e\u0447\u0438\u0441\u0442\u043d\u044b\u0445 \u0446\u0435\u043d\u0442\u0440\u0430\u0445 \u0432\u0438\u0434\u044b \u043e\u0442\u0445\u043e\u0434\u043e\u0432, \u0440\u0430\u0437\u0440\u0435\u0448\u0435\u043d\u043d\u044b\u0435 \u043d\u0430\u0448\u0438\u043c\u0438 \u044d\u043a\u043e\u043b\u043e\u0433\u0438\u0447\u0435\u0441\u043a\u0438\u043c\u0438 \u0440\u0430\u0437\u0440\u0435\u0448\u0435\u043d\u0438\u044f\u043c\u0438. \u041a\u043b\u0438\u0435\u043d\u0442\u0430\u043c\u0438 \u043c\u043e\u0433\u0443\u0442 \u0431\u044b\u0442\u044c \u043a\u043e\u043c\u043f\u0430\u043d\u0438\u0438. \u0427\u0430\u0441\u0442\u043d\u044b\u0435 \u043a\u043b\u0438\u0435\u043d\u0442\u044b \u0432 \u043f\u0440\u043e\u0446\u0435\u0441\u0441\u0438\u043d\u0433\u043e\u0432\u044b\u0445 \u0446\u0435\u043d\u0442\u0440\u0430\u0445 \u043d\u0435 \u043e\u0431\u0441\u043b\u0443\u0436\u0438\u0432\u0430\u044e\u0442\u0441\u044f. \u041d\u0430\u0439\u0434\u0438\u0442\u0435 \u0431\u043b\u0438\u0436\u0430\u0439\u0448\u0438\u0439 \u043a \u0432\u0430\u043c \u0446\u0435\u043d\u0442\u0440 \u043e\u0431\u0441\u043b\u0443\u0436\u0438\u0432\u0430\u043d\u0438\u044f \u0438 \u0441\u0432\u044f\u0436\u0438\u0442\u0435\u0441\u044c \u0441 \u043d\u0438\u043c.","og_url":"https:\/\/ecopro.ee\/ru\/\u0443\u043f\u0440\u0430\u0432\u043b\u0435\u043d\u0438\u0435-\u043e\u043f\u0430\u0441\u043d\u044b\u043c\u0438-\u043e\u0442\u0445\u043e\u0434\u0430\u043c\u0438\/","og_site_name":"EcoPro","article_modified_time":"2024-04-15T14:01:17+00:00","twitter_card":"summary_large_image","twitter_misc":{"Est. reading time":"1 minute"},"schema":{"@context":"https:\/\/schema.org","@graph":[{"@type":"WebPage","@id":"https:\/\/ecopro.ee\/ru\/%d1%83%d0%bf%d1%80%d0%b0%d0%b2%d0%bb%d0%b5%d0%bd%d0%b8%d0%b5-%d0%be%d0%bf%d0%b0%d1%81%d0%bd%d1%8b%d0%bc%d0%b8-%d0%be%d1%82%d1%85%d0%be%d0%b4%d0%b0%d0%bc%d0%b8\/","url":"https:\/\/ecopro.ee\/ru\/%d1%83%d0%bf%d1%80%d0%b0%d0%b2%d0%bb%d0%b5%d0%bd%d0%b8%d0%b5-%d0%be%d0%bf%d0%b0%d1%81%d0%bd%d1%8b%d0%bc%d0%b8-%d0%be%d1%82%d1%85%d0%be%d0%b4%d0%b0%d0%bc%d0%b8\/","name":"\u0423\u043f\u0440\u0430\u0432\u043b\u0435\u043d\u0438\u0435 \u043e\u043f\u0430\u0441\u043d\u044b\u043c\u0438 \u043e\u0442\u0445\u043e\u0434\u0430\u043c\u0438 - EcoPro","isPartOf":{"@id":"https:\/\/www.ecopro.ee\/#website"},"datePublished":"2022-01-19T09:57:40+00:00","dateModified":"2024-04-15T14:01:17+00:00","breadcrumb":{"@id":"https:\/\/ecopro.ee\/ru\/%d1%83%d0%bf%d1%80%d0%b0%d0%b2%d0%bb%d0%b5%d0%bd%d0%b8%d0%b5-%d0%be%d0%bf%d0%b0%d1%81%d0%bd%d1%8b%d0%bc%d0%b8-%d0%be%d1%82%d1%85%d0%be%d0%b4%d0%b0%d0%bc%d0%b8\/#breadcrumb"},"inLanguage":"ru-RU","potentialAction":[{"@type":"ReadAction","target":["https:\/\/ecopro.ee\/ru\/%d1%83%d0%bf%d1%80%d0%b0%d0%b2%d0%bb%d0%b5%d0%bd%d0%b8%d0%b5-%d0%be%d0%bf%d0%b0%d1%81%d0%bd%d1%8b%d0%bc%d0%b8-%d0%be%d1%82%d1%85%d0%be%d0%b4%d0%b0%d0%bc%d0%b8\/"]}]},{"@type":"BreadcrumbList","@id":"https:\/\/ecopro.ee\/ru\/%d1%83%d0%bf%d1%80%d0%b0%d0%b2%d0%bb%d0%b5%d0%bd%d0%b8%d0%b5-%d0%be%d0%bf%d0%b0%d1%81%d0%bd%d1%8b%d0%bc%d0%b8-%d0%be%d1%82%d1%85%d0%be%d0%b4%d0%b0%d0%bc%d0%b8\/#breadcrumb","itemListElement":[{"@type":"ListItem","position":1,"name":"Home","item":"https:\/\/ecopro.ee\/ru\/"},{"@type":"ListItem","position":2,"name":"\u0423\u043f\u0440\u0430\u0432\u043b\u0435\u043d\u0438\u0435 \u043e\u043f\u0430\u0441\u043d\u044b\u043c\u0438 \u043e\u0442\u0445\u043e\u0434\u0430\u043c\u0438"}]},{"@type":"WebSite","@id":"https:\/\/www.ecopro.ee\/#website","url":"https:\/\/www.ecopro.ee\/","name":"EcoPro","description":"Keskkonnareostuse likvideerimine ja ohtlike j\u00e4\u00e4tmete k\u00e4itlemine","publisher":{"@id":"https:\/\/www.ecopro.ee\/#organization"},"potentialAction":[{"@type":"SearchAction","target":{"@type":"EntryPoint","urlTemplate":"https:\/\/www.ecopro.ee\/?s={search_term_string}"},"query-input":"required name=search_term_string"}],"inLanguage":"ru-RU"},{"@type":"Organization","@id":"https:\/\/www.ecopro.ee\/#organization","name":"EcoPro","url":"https:\/\/www.ecopro.ee\/","logo":{"@type":"ImageObject","inLanguage":"ru-RU","@id":"https:\/\/www.ecopro.ee\/#\/schema\/logo\/image\/","url":"http:\/\/ecopro.ee\/wp-content\/uploads\/2021\/10\/black.svg","contentUrl":"http:\/\/ecopro.ee\/wp-content\/uploads\/2021\/10\/black.svg","width":517,"height":128,"caption":"EcoPro"},"image":{"@id":"https:\/\/www.ecopro.ee\/#\/schema\/logo\/image\/"}}]}},"_links":{"self":[{"href":"https:\/\/ecopro.ee\/ru\/wp-json\/wp\/v2\/pages\/873","targetHints":{"allow":["GET"]}}],"collection":[{"href":"https:\/\/ecopro.ee\/ru\/wp-json\/wp\/v2\/pages"}],"about":[{"href":"https:\/\/ecopro.ee\/ru\/wp-json\/wp\/v2\/types\/page"}],"author":[{"embeddable":true,"href":"https:\/\/ecopro.ee\/ru\/wp-json\/wp\/v2\/users\/1"}],"replies":[{"embeddable":true,"href":"https:\/\/ecopro.ee\/ru\/wp-json\/wp\/v2\/comments?post=873"}],"version-history":[{"count":5,"href":"https:\/\/ecopro.ee\/ru\/wp-json\/wp\/v2\/pages\/873\/revisions"}],"predecessor-version":[{"id":1040,"href":"https:\/\/ecopro.ee\/ru\/wp-json\/wp\/v2\/pages\/873\/revisions\/1040"}],"wp:attachment":[{"href":"https:\/\/ecopro.ee\/ru\/wp-json\/wp\/v2\/media?parent=873"}],"curies":[{"name":"wp","href":"https:\/\/api.w.org\/{rel}","templated":true}]}}